{"id":2154,"date":"2021-06-14T10:30:27","date_gmt":"2021-06-14T10:30:27","guid":{"rendered":"https:\/\/www.kideileapaindegia.com\/?page_id=2154"},"modified":"2021-06-14T10:46:18","modified_gmt":"2021-06-14T10:46:18","slug":"aviso-legal","status":"publish","type":"page","link":"https:\/\/www.kideileapaindegia.com\/es\/aviso-legal\/","title":{"rendered":"Aviso Legal"},"content":{"rendered":"\t\t<div data-elementor-type=\"wp-post\" data-elementor-id=\"2154\" class=\"elementor elementor-2154\" data-elementor-settings=\"[]\">\n\t\t\t\t\t\t\t<div class=\"elementor-section-wrap\">\n\t\t\t\t\t\t\t<section class=\"elementor-section elementor-top-section elementor-element elementor-element-a518a5f elementor-section-boxed elementor-section-height-default elementor-section-height-default\" data-id=\"a518a5f\" data-element_type=\"section\">\n\t\t\t\t\t\t<div class=\"elementor-container elementor-column-gap-default\">\n\t\t\t\t\t<div class=\"elementor-column elementor-col-100 elementor-top-column elementor-element elementor-element-4150aee\" data-id=\"4150aee\" data-element_type=\"column\">\n\t\t\t<div class=\"elementor-widget-wrap elementor-element-populated\">\n\t\t\t\t\t\t\t\t<div class=\"elementor-element elementor-element-39b9815 elementor-widget elementor-widget-heading\" data-id=\"39b9815\" data-element_type=\"widget\" data-widget_type=\"heading.default\">\n\t\t\t\t<div class=\"elementor-widget-container\">\n\t\t\t<h1 class=\"elementor-heading-title elementor-size-default\"><span style=\" letter-spacing: 2.4px;\">Aviso legal<\/span><\/h1>\t\t<\/div>\n\t\t\t\t<\/div>\n\t\t\t\t\t<\/div>\n\t\t<\/div>\n\t\t\t\t\t\t\t<\/div>\n\t\t<\/section>\n\t\t\t\t<section class=\"elementor-section elementor-top-section elementor-element elementor-element-d7008b1 elementor-section-boxed elementor-section-height-default elementor-section-height-default\" data-id=\"d7008b1\" data-element_type=\"section\">\n\t\t\t\t\t\t<div class=\"elementor-container elementor-column-gap-default\">\n\t\t\t\t\t<div class=\"elementor-column elementor-col-100 elementor-top-column elementor-element elementor-element-eb30a91\" data-id=\"eb30a91\" data-element_type=\"column\">\n\t\t\t<div class=\"elementor-widget-wrap elementor-element-populated\">\n\t\t\t\t\t\t\t\t<div class=\"elementor-element elementor-element-40e7257 elementor-widget elementor-widget-text-editor\" data-id=\"40e7257\" data-element_type=\"widget\" data-widget_type=\"text-editor.default\">\n\t\t\t\t<div class=\"elementor-widget-container\">\n\t\t\t\t\t<div class=\"elementor-text-editor elementor-clearfix\"><h2>OBJETO<\/h2><p>El presente aviso legal regula el uso y utilizaci\u00f3n del sitio web <a href=\"http:\/\/www.kideileapaindegia.com\/\">http:\/\/www.kideileapaindegia.com\/<\/a> del que es titular Mariaje Gurrutxaga Iriondo.<\/p><p>La navegaci\u00f3n por el sitio web de KIDE ILEAPAINDEGIA le atribuye la condici\u00f3n de USUARIO del mismo y conlleva su aceptaci\u00f3n plena y sin reservas de todas y cada una de las condiciones publicadas en este aviso legal, advirtiendo de que dichas condiciones podr\u00e1n ser modificadas sin notificaci\u00f3n previa por parte de KIDE ILEAPAINDEGIA en cuyo caso se proceder\u00e1 a su publicaci\u00f3n y aviso con la m\u00e1xima antelaci\u00f3n posible.<\/p><p>Por ello es recomendable leer atentamente su contenido en caso de desear acceder y hacer uso de la informaci\u00f3n y de los servicios ofrecidos desde este sitio web.<\/p><p>El usuario adem\u00e1s, se obliga a hacer un uso correcto del sitio web de conformidad con las leyes, la buena fe, el orden p\u00fablico, los usos del tr\u00e1fico y el presente Aviso Legal, y responder\u00e1 frente a KIDE ILEAPAINDEGIA o frente a terceros, de cualesquiera da\u00f1os y perjuicios que pudieran causarse como consecuencia del incumplimiento de dicha obligaci\u00f3n. Cualquier utilizaci\u00f3n distinta a la autorizada est\u00e1 expresamente prohibida, pudiendo KIDE ILEAPAINDEGIA denegar o retirar el acceso y su uso en cualquier momento.<\/p><h2>IDENTIFICACI\u00d3N<\/h2><p>KIDE ILEAPAINDEGIA en cumplimiento de la Ley 34\/2002, de 11 de julio, de Servicios de la Sociedad de la Informaci\u00f3n y de Comercio Electr\u00f3nico, le informa de que: Su titular es: Mariaje Gurrutxaga Iriondo \u00a0Su CIF es: E20717591 \u2022 Tel\u00e9fono: 943830561 \u2022 Su domicilio profesional est\u00e1 situado en: C\/Zigordia 44, 46 20800 Zarautz.<\/p><h2>1- COMUNICACIONES<\/h2><p>Para comunicarse con nosotros, ponemos a su disposici\u00f3n diferentes medios de contacto que detallamos a continuaci\u00f3n: Tfno.: 943830561 Email: kideileapaindegia@gmail.com Direcci\u00f3n postal: C\/Zigordia 44, 46 20800 Zarautz. Todas las notificaciones y comunicaciones entre los usuarios y KIDE ILEAPAINDEGIA se considerar\u00e1n eficaces, a todos los efectos, cuando se realicen a trav\u00e9s de cualquier medio de los detallados anteriormente salvo el tel\u00e9fono.<\/p><h2>2- CONDICIONES DE ACCESO Y UTILIZACI\u00d3N<\/h2><p>El sitio web y sus servicios son de acceso libre y gratuito. No obstante, KIDE ILEAPAINDEGIA puede condicionar la utilizaci\u00f3n de algunos de los servicios ofrecidos en su web a la previa cumplimentaci\u00f3n del correspondiente formulario. El usuario garantiza la autenticidad y actualidad de todos aquellos datos que comunique KIDE ILEAPAINDEGIA y ser\u00e1 el \u00fanico responsable de las manifestaciones falsas o inexactas que realice. El usuario se compromete expresamente a hacer un uso adecuado de los contenidos y servicios de KIDE ILEAPAINDEGIA y a no emplearlos para, entre otros:<\/p><p>Difundir contenidos delictivos, violentos, pornogr\u00e1ficos, racistas, xen\u00f3fobos, ofensivos, de apolog\u00eda del terrorismo o, en general, contrarios a la ley o al orden p\u00fablico.<\/p><p>Introducir en la red virus inform\u00e1ticos o realizar actuaciones susceptibles de alterar, estropear, interrumpir o generar errores o da\u00f1os en los documentos electr\u00f3nicos, datos o sistemas f\u00edsicos y l\u00f3gicos de KIDE ILEAPAINDEGIA o de terceras personas; as\u00ed como obstaculizar el acceso de otros usuarios al sitio web y a sus servicios mediante el consumo masivo de los recursos inform\u00e1ticos a trav\u00e9s de los cuales KIDE ILEAPAINDEGIA presta sus servicios.<\/p><p>Intentar acceder a las cuentas de correo electr\u00f3nico de otros usuarios o a \u00e1reas restringidas de los sistemas inform\u00e1ticos de KIDE ILEAPAINDEGIA o de terceros y, en su caso, extraer informaci\u00f3n.<\/p><p>Vulnerar los derechos de propiedad intelectual o industrial, as\u00ed como violar la confidencialidad de la informaci\u00f3n de KIDE ILEAPAINDEGIA o de terceros.<\/p><p>Suplantar la identidad de cualquier otro usuario.<\/p><p>Reproducir, copiar, distribuir, poner a disposici\u00f3n de, o cualquier otra forma de comunicaci\u00f3n p\u00fablica, transformar o modificar los contenidos, a menos que se cuente con la autorizaci\u00f3n del titular de los correspondientes derechos o ello resulte legalmente permitido.<\/p><p>Recabar datos con finalidad publicitaria y de remitir publicidad de cualquier clase y comunicaciones con fines de venta u otras de naturaleza comercial sin que medie su previa solicitud o consentimiento.<\/p><p>Todos los contenidos del sitio web, como textos, fotograf\u00edas, gr\u00e1ficos, im\u00e1genes, iconos, tecnolog\u00eda, software, as\u00ed como su dise\u00f1o gr\u00e1fico y c\u00f3digos fuente, constituyen una obra cuya propiedad pertenece a KIDE ILEAPAINDEGIA sin que puedan entenderse cedidos al usuario ninguno de los derechos de explotaci\u00f3n sobre los mismos m\u00e1s all\u00e1 de lo estrictamente necesario para el correcto uso de la web.<\/p><p>En definitiva, los usuarios que accedan a este sitio web pueden visualizar los contenidos y efectuar, en su caso, copias privadas autorizadas siempre que los elementos reproducidos no sean cedidos posteriormente a terceros, ni se instalen a servidores conectados a redes, ni sean objeto de ning\u00fan tipo de explotaci\u00f3n.<\/p><p>Asimismo, todas las marcas, nombres comerciales o signos distintivos de cualquier clase que aparecen en el sitio web son propiedad de KIDE ILEAPAINDEGIA sin que pueda entenderse que el uso o acceso al mismo atribuya al usuario derecho alguno sobre los mismos.<\/p><p>La distribuci\u00f3n, modificaci\u00f3n, cesi\u00f3n o comunicaci\u00f3n p\u00fablica de los contenidos y cualquier otro acto que no haya sido expresamente autorizado por el titular de los derechos de explotaci\u00f3n quedan prohibidas.<\/p><p>El establecimiento de un hiperenlace no implica en ning\u00fan caso la existencia de relaciones entre KIDE ILEAPAINDEGIA y el propietario del sitio web en la que se establezca, ni la aceptaci\u00f3n y aprobaci\u00f3n por parte de KIDE ILEAPAINDEGIA de sus contenidos o servicios. KIDE ILEAPAINDEGIA no se responsabiliza del uso que cada usuario le d\u00e9 a los materiales puestos a disposici\u00f3n en este sitio web ni de las actuaciones que realice en base a los mismos.<\/p><h2>3- EXCLUSI\u00d3N DE GARANT\u00cdAS Y DE RESPONSABILIDAD EN EL ACCESO Y LA UTILIZACI\u00d3N<\/h2><p>El contenido del presente sitio web es de car\u00e1cter general y tiene una finalidad meramente informativa, sin que se garantice plenamente el acceso a todos los contenidos, ni su exhaustividad, correcci\u00f3n, vigencia o actualidad, ni su idoneidad o utilidad para un objetivo espec\u00edfico. KIDE ILEAPAINDEGIA excluye, hasta donde permite el ordenamiento jur\u00eddico, cualquier responsabilidad por los da\u00f1os y perjuicios de toda naturaleza derivados de:<\/p><p>La imposibilidad de acceso al sitio web o la falta de veracidad, exactitud, exhaustividad y\/o actualidad de los contenidos, as\u00ed como la existencia de vicios y defectos de toda clase de los contenidos transmitidos, difundidos, almacenados, puestos a disposici\u00f3n, a los que se haya accedido a trav\u00e9s del sitio web o de los servicios que se ofrecen.<\/p><p>La presencia de virus o de otros elementos en los contenidos que puedan producir alteraciones en los sistemas inform\u00e1ticos, documentos electr\u00f3nicos o datos de los usuarios.<\/p><p>El incumplimiento de las leyes, la buena fe, el orden p\u00fablico, los usos del tr\u00e1fico y el presente aviso legal como consecuencia del uso incorrecto del sitio web. En particular, y a modo ejemplificativo, KIDE ILEAPAINDEGIA no se hace responsable de las actuaciones de terceros que vulneren derechos de propiedad intelectual e industrial, secretos empresariales, derechos al honor, a la intimidad personal y familiar y a la propia imagen, as\u00ed como la normativa en materia de competencia desleal y publicidad il\u00edcita.<\/p><p>Asimismo, KIDE ILEAPAINDEGIA declina cualquier responsabilidad respecto a la informaci\u00f3n que se halle fuera de esta web y no sea gestionada directamente por nuestro webmaster. La funci\u00f3n de los links que aparecen en esta web es exclusivamente la de informar al usuario sobre la existencia de otras fuentes susceptibles de ampliar los contenidos que ofrece este sitio web. KIDE ILEAPAINDEGIA no garantiza ni se responsabiliza del funcionamiento o accesibilidad de los sitios enlazados; ni sugiere, invita o recomienda la visita a los mismos, por lo que tampoco ser\u00e1 responsable del resultado obtenido. KIDE ILEAPAINDEGIA no se responsabiliza del establecimiento de hiperv\u00ednculos por parte de terceros.<\/p><h2>4- PROCEDIMIENTO EN CASO DE REALIZACI\u00d3N DE ACTIVIDADES DE CAR\u00c1CTER IL\u00cdCITO<\/h2><p>En el caso de que cualquier usuario o un tercero considere que existen hechos o circunstancias que revelen el car\u00e1cter il\u00edcito de la utilizaci\u00f3n de cualquier contenido y\/o de la realizaci\u00f3n de cualquier actividad en las p\u00e1ginas web incluidas o accesibles a trav\u00e9s del sitio web, deber\u00e1 enviar una notificaci\u00f3n a KIDE ILEAPAINDEGIA identific\u00e1ndose debidamente y especificando las supuestas infracciones.<\/p><h2>5- PUBLICACIONES<\/h2><p>La informaci\u00f3n administrativa facilitada a trav\u00e9s del sitio web no sustituye la publicidad legal de las leyes, normativas, planes, disposiciones generales y actos que tengan que ser publicados formalmente a los diarios oficiales de las administraciones p\u00fablicas, que constituyen el \u00fanico instrumento que da fe de su autenticidad y contenido. La informaci\u00f3n disponible en este sitio web debe entenderse como una gu\u00eda sin prop\u00f3sito de validez legal.<\/p><h2>6- POL\u00cdTICA DE PRIVACIDAD<\/h2><p>Cuando precisemos obtener informaci\u00f3n por su parte, siempre le solicitaremos que nos la proporcione voluntariamente de forma expresa. Los datos recabados a trav\u00e9s de los formularios de recogida de datos del sitio web u otras v\u00edas, ser\u00e1n incorporados a un tratamiento de datos de car\u00e1cter personal del cual es responsable KIDE ILEAPAINDEGIA<\/p><p>Esta entidad tratar\u00e1 los datos de forma confidencial y exclusivamente con la finalidad de ofrecer los servicios solicitados, con todas las garant\u00edas legales y de seguridad que impone el RGPD UE 2016 \/ 679, y LOPD GDD 3\/2018 de Protecci\u00f3n de Datos de Car\u00e1cter Personal y el Real Decreto 1720\/2007, de 21 de diciembre y la Ley 34\/2002, de 11 de julio, de Servicios de la Sociedad de la Informaci\u00f3n y de Comercio Electr\u00f3nico.<\/p><p>KIDE ILEAPAINDEGIA no ceder\u00e1 ni compartir\u00e1 los datos con terceros sin su consentimiento expreso.<\/p><p>Asimismo, KIDE ILEAPAINDEGIA cancelar\u00e1 o rectificar\u00e1 los datos cuando resulten inexactos, incompletos o hayan dejado de ser necesarios o pertinentes para su finalidad, de conformidad con lo previsto en el RGPD UE 2016 \/ 679, y LOPD GDD 3\/2018 de Protecci\u00f3n de Datos de Car\u00e1cter Personal.<\/p><p>El usuario podr\u00e1 revocar el consentimiento prestado y ejercer los derechos de acceso, rectificaci\u00f3n, supresi\u00f3n, limitaci\u00f3n, revocaci\u00f3n, oposici\u00f3n y portabilidad de sus datos dirigi\u00e9ndose a tal efecto al domicilio siguiente: C\/Zigordia 44, 46 20800 Zarautz\u00a0 identific\u00e1ndose debidamente e indicando de forma expresa el concreto derecho que se quiere ejercer.<\/p><p>KIDE ILEAPAINDEGIA adopta los niveles de seguridad correspondientes requeridos en el RGPD UE 2016 \/ 679, y LOPD GDD 3\/2018 de Protecci\u00f3n de Datos de Car\u00e1cter Personal y dem\u00e1s normativa aplicable. No obstante, no puede garantizar la absoluta invulnerabilidad de los sistemas, por tanto, no asume ninguna responsabilidad por los da\u00f1os y perjuicios derivados de alteraciones que terceros puedan causar en los sistemas inform\u00e1ticos, documentos electr\u00f3nicos o ficheros del usuario.<\/p><p>Si opta por abandonar nuestro sitio web a trav\u00e9s de enlaces a sitios web no pertenecientes a nuestra entidad, KIDE ILEAPAINDEGIA no se har\u00e1 responsable de las pol\u00edticas de privacidad de dichos sitios web ni de las cookies que \u00e9stos puedan almacenar en el ordenador del usuario.<\/p><p>Nuestra pol\u00edtica con respecto al correo electr\u00f3nico se centra en remitir \u00fanicamente comunicaciones que usted haya solicitado recibir.<\/p><p>Si prefiere no recibir estos mensajes por correo electr\u00f3nico le ofreceremos a trav\u00e9s de los mismos la posibilidad de ejercer su derecho de cancelaci\u00f3n y renuncia a la recepci\u00f3n de estos mensajes, en conformidad con lo dispuesto en el T\u00edtulo III, art\u00edculo 22 de la Ley 34\/2002, de Servicios para la Sociedad de la Informaci\u00f3n y de Comercio Electr\u00f3nico. Para m\u00e1s informaci\u00f3n relativa a nuestra Pol\u00edtica de Privacidad acceda a trav\u00e9s de este enlace: Pol\u00edtica de Privacidad.<\/p><h2>7- LEGISLACI\u00d3N APLICABLE<\/h2><p>Las condiciones presentes se regir\u00e1n por la legislaci\u00f3n Europea y en este caso depender\u00e1 de la Autoridad de control, AEPD, legislaci\u00f3n espa\u00f1ola vigente.<\/p><p>La lengua utilizada ser\u00e1 el castellano.<\/p><\/div>\n\t\t\t\t<\/div>\n\t\t\t\t<\/div>\n\t\t\t\t\t<\/div>\n\t\t<\/div>\n\t\t\t\t\t\t\t<\/div>\n\t\t<\/section>\n\t\t\t\t<section class=\"elementor-section elementor-top-section elementor-element elementor-element-bc10908 elementor-section-boxed elementor-section-height-default elementor-section-height-default\" data-id=\"bc10908\" data-element_type=\"section\" data-settings=\"{&quot;background_background&quot;:&quot;classic&quot;}\">\n\t\t\t\t\t\t<div class=\"elementor-container elementor-column-gap-default\">\n\t\t\t\t\t<div class=\"elementor-column elementor-col-100 elementor-top-column elementor-element elementor-element-62212cb\" data-id=\"62212cb\" data-element_type=\"column\">\n\t\t\t<div class=\"elementor-widget-wrap elementor-element-populated\">\n\t\t\t\t\t\t\t\t<div class=\"elementor-element elementor-element-3b8bd3c elementor-widget elementor-widget-heading\" data-id=\"3b8bd3c\" data-element_type=\"widget\" data-widget_type=\"heading.default\">\n\t\t\t\t<div class=\"elementor-widget-container\">\n\t\t\t<h5 class=\"elementor-heading-title elementor-size-default\">Tambi\u00e9n puedes escribirnos a trav\u00e9s del siguiente <b>formulario<\/b> y te responderemos a la mayor brevedad posible: <\/h5>\t\t<\/div>\n\t\t\t\t<\/div>\n\t\t\t\t<div class=\"elementor-element elementor-element-27a140f elementor-widget elementor-widget-contact-form-7\" data-id=\"27a140f\" data-element_type=\"widget\" data-widget_type=\"contact-form-7.default\">\n\t\t\t\t<div class=\"elementor-widget-container\">\n\t\t\t<div class=\"elementor-contact-form-7 jet-elements\"><div role=\"form\" class=\"wpcf7\" id=\"wpcf7-f5-o1\" lang=\"es-ES\" dir=\"ltr\">\n<div class=\"screen-reader-response\"><p role=\"status\" aria-live=\"polite\" aria-atomic=\"true\"><\/p> <ul><\/ul><\/div>\n<form action=\"\/es\/wp-json\/wp\/v2\/pages\/2154#wpcf7-f5-o1\" method=\"post\" class=\"wpcf7-form init\" novalidate=\"novalidate\" data-status=\"init\">\n<div style=\"display: none;\">\n<input type=\"hidden\" name=\"_wpcf7\" value=\"5\" \/>\n<input type=\"hidden\" name=\"_wpcf7_version\" value=\"5.4.1\" \/>\n<input type=\"hidden\" name=\"_wpcf7_locale\" value=\"es_ES\" \/>\n<input type=\"hidden\" name=\"_wpcf7_unit_tag\" value=\"wpcf7-f5-o1\" \/>\n<input type=\"hidden\" name=\"_wpcf7_container_post\" value=\"0\" \/>\n<input type=\"hidden\" name=\"_wpcf7_posted_data_hash\" value=\"\" \/>\n<\/div>\n<p><label><br \/>\n    <span class=\"wpcf7-form-control-wrap your-name\"><input type=\"text\" name=\"your-name\" value=\"\" size=\"40\" class=\"wpcf7-form-control wpcf7-text wpcf7-validates-as-required\" aria-required=\"true\" aria-invalid=\"false\" placeholder=\"Nombre y apellido*\" \/><\/span> <\/label><\/p>\n<p><label><br \/>\n    <span class=\"wpcf7-form-control-wrap your-email\"><input type=\"email\" name=\"your-email\" value=\"\" size=\"40\" class=\"wpcf7-form-control wpcf7-text wpcf7-email wpcf7-validates-as-required wpcf7-validates-as-email\" aria-required=\"true\" aria-invalid=\"false\" placeholder=\"Email*\" \/><\/span> <\/label><\/p>\n<p><label><br \/>\n<span class=\"wpcf7-form-control-wrap your-tel\"><input type=\"tel\" name=\"your-tel\" value=\"\" size=\"40\" class=\"wpcf7-form-control wpcf7-text wpcf7-tel wpcf7-validates-as-required wpcf7-validates-as-tel\" aria-required=\"true\" aria-invalid=\"false\" placeholder=\"Tel\u00e9fono*\" \/><\/span> <\/label><\/p>\n<p><label><br \/>\n    <span class=\"wpcf7-form-control-wrap your-message\"><textarea name=\"your-message\" cols=\"40\" rows=\"10\" class=\"wpcf7-form-control wpcf7-textarea wpcf7-validates-as-required\" aria-required=\"true\" aria-invalid=\"false\" placeholder=\"Mensaje*\"><\/textarea><\/span> <\/label><\/p>\n<div class=\"polpri\">\n<span class=\"wpcf7-form-control-wrap acceptance-248\"><span class=\"wpcf7-form-control wpcf7-acceptance optional\"><span class=\"wpcf7-list-item\"><label><input type=\"checkbox\" name=\"acceptance-248\" value=\"1\" aria-invalid=\"false\" \/><span class=\"wpcf7-list-item-label\">He le\u00eddo y acepto las <a href=\"https:\/\/www.kideileapaindegia.com\/es\/proteccion-datos\/\">protecci\u00f3n de datos<\/a><\/span><\/label><\/span><\/span><\/span>\n<\/div>\n<p><input type=\"submit\" value=\"Enviar\" class=\"wpcf7-form-control wpcf7-submit\" \/><\/p>\n<div class=\"wpcf7-response-output\" aria-hidden=\"true\"><\/div><\/form><\/div><\/div>\t\t<\/div>\n\t\t\t\t<\/div>\n\t\t\t\t\t<\/div>\n\t\t<\/div>\n\t\t\t\t\t\t\t<\/div>\n\t\t<\/section>\n\t\t\t\t\t\t<\/div>\n\t\t\t\t\t<\/div>\n\t\t","protected":false},"excerpt":{"rendered":"<p>Aviso legal OBJETO El presente aviso legal regula el uso y utilizaci\u00f3n del sitio web http:\/\/www.kideileapaindegia.com\/ del que es titular Mariaje Gurrutxaga Iriondo. La navegaci\u00f3n por el sitio web de KIDE ILEAPAINDEGIA le atribuye la condici\u00f3n de USUARIO del mismo y conlleva su aceptaci\u00f3n plena y sin reservas de todas y cada una de las [&hellip;]<\/p>\n","protected":false},"author":1,"featured_media":1033,"parent":0,"menu_order":0,"comment_status":"closed","ping_status":"closed","template":"elementor_header_footer","meta":{"footnotes":""},"class_list":["post-2154","page","type-page","status-publish","has-post-thumbnail","hentry"],"yoast_head":"<!-- This site is optimized with the Yoast SEO plugin v16.4 - https:\/\/yoast.com\/wordpress\/plugins\/seo\/ -->\n<title>Aviso Legal | Kide Ileapaindegia<\/title>\n<meta name=\"description\" content=\"Ll\u00e1manos por tel\u00e9fono o escr\u00edbenos y reserva cita para nuestros servicios de peluquer\u00eda o est\u00e9tica. \u00a1Te esperamos en Kide! Mucho m\u00e1s que ir a la peluquer\u00eda.\" \/>\n<meta name=\"robots\" content=\"noindex, follow\" \/>\n<meta property=\"og:locale\" content=\"es_ES\" \/>\n<meta property=\"og:type\" content=\"article\" \/>\n<meta property=\"og:title\" content=\"Aviso Legal | Kide Ileapaindegia\" \/>\n<meta property=\"og:description\" content=\"Ll\u00e1manos por tel\u00e9fono o escr\u00edbenos y reserva cita para nuestros servicios de peluquer\u00eda o est\u00e9tica. \u00a1Te esperamos en Kide! Mucho m\u00e1s que ir a la peluquer\u00eda.\" \/>\n<meta property=\"og:url\" content=\"https:\/\/www.kideileapaindegia.com\/es\/aviso-legal\/\" \/>\n<meta property=\"og:site_name\" content=\"Kide Ileapaindegia\" \/>\n<meta property=\"article:modified_time\" content=\"2021-06-14T10:46:18+00:00\" \/>\n<meta property=\"og:image\" content=\"https:\/\/www.kideileapaindegia.com\/wp-content\/uploads\/2021\/03\/Kide_ileapaindegia_equipo_peluqueria_zarautz.jpg\" \/>\n\t<meta property=\"og:image:width\" content=\"1700\" \/>\n\t<meta property=\"og:image:height\" content=\"774\" \/>\n<meta name=\"twitter:card\" content=\"summary_large_image\" \/>\n<meta name=\"twitter:label1\" content=\"Tiempo de lectura\" \/>\n\t<meta name=\"twitter:data1\" content=\"9 minutos\" \/>\n<script type=\"application\/ld+json\" class=\"yoast-schema-graph\">{\"@context\":\"https:\/\/schema.org\",\"@graph\":[{\"@type\":\"WebSite\",\"@id\":\"https:\/\/www.kideileapaindegia.com\/es\/#website\",\"url\":\"https:\/\/www.kideileapaindegia.com\/es\/\",\"name\":\"Kide Ileapaindegia\",\"description\":\"Otro sitio realizado con WordPress\",\"potentialAction\":[{\"@type\":\"SearchAction\",\"target\":\"https:\/\/www.kideileapaindegia.com\/es\/?s={search_term_string}\",\"query-input\":\"required name=search_term_string\"}],\"inLanguage\":\"es\"},{\"@type\":\"ImageObject\",\"@id\":\"https:\/\/www.kideileapaindegia.com\/es\/aviso-legal\/#primaryimage\",\"inLanguage\":\"es\",\"url\":\"https:\/\/www.kideileapaindegia.com\/wp-content\/uploads\/2021\/03\/Kide_ileapaindegia_equipo_peluqueria_zarautz.jpg\",\"contentUrl\":\"https:\/\/www.kideileapaindegia.com\/wp-content\/uploads\/2021\/03\/Kide_ileapaindegia_equipo_peluqueria_zarautz.jpg\",\"width\":1700,\"height\":774,\"caption\":\"Nuestro equipo - Kide Ileapaindegia\"},{\"@type\":\"WebPage\",\"@id\":\"https:\/\/www.kideileapaindegia.com\/es\/aviso-legal\/#webpage\",\"url\":\"https:\/\/www.kideileapaindegia.com\/es\/aviso-legal\/\",\"name\":\"Aviso Legal | Kide Ileapaindegia\",\"isPartOf\":{\"@id\":\"https:\/\/www.kideileapaindegia.com\/es\/#website\"},\"primaryImageOfPage\":{\"@id\":\"https:\/\/www.kideileapaindegia.com\/es\/aviso-legal\/#primaryimage\"},\"datePublished\":\"2021-06-14T10:30:27+00:00\",\"dateModified\":\"2021-06-14T10:46:18+00:00\",\"description\":\"Ll\\u00e1manos por tel\\u00e9fono o escr\\u00edbenos y reserva cita para nuestros servicios de peluquer\\u00eda o est\\u00e9tica. \\u00a1Te esperamos en Kide! Mucho m\\u00e1s que ir a la peluquer\\u00eda.\",\"breadcrumb\":{\"@id\":\"https:\/\/www.kideileapaindegia.com\/es\/aviso-legal\/#breadcrumb\"},\"inLanguage\":\"es\",\"potentialAction\":[{\"@type\":\"ReadAction\",\"target\":[\"https:\/\/www.kideileapaindegia.com\/es\/aviso-legal\/\"]}]},{\"@type\":\"BreadcrumbList\",\"@id\":\"https:\/\/www.kideileapaindegia.com\/es\/aviso-legal\/#breadcrumb\",\"itemListElement\":[{\"@type\":\"ListItem\",\"position\":1,\"item\":{\"@type\":\"WebPage\",\"@id\":\"https:\/\/www.kideileapaindegia.com\/es\/\",\"url\":\"https:\/\/www.kideileapaindegia.com\/es\/\",\"name\":\"Portada\"}},{\"@type\":\"ListItem\",\"position\":2,\"item\":{\"@id\":\"https:\/\/www.kideileapaindegia.com\/es\/aviso-legal\/#webpage\"}}]}]}<\/script>\n<!-- \/ Yoast SEO plugin. -->","_links":{"self":[{"href":"https:\/\/www.kideileapaindegia.com\/es\/wp-json\/wp\/v2\/pages\/2154","targetHints":{"allow":["GET"]}}],"collection":[{"href":"https:\/\/www.kideileapaindegia.com\/es\/wp-json\/wp\/v2\/pages"}],"about":[{"href":"https:\/\/www.kideileapaindegia.com\/es\/wp-json\/wp\/v2\/types\/page"}],"author":[{"embeddable":true,"href":"https:\/\/www.kideileapaindegia.com\/es\/wp-json\/wp\/v2\/users\/1"}],"replies":[{"embeddable":true,"href":"https:\/\/www.kideileapaindegia.com\/es\/wp-json\/wp\/v2\/comments?post=2154"}],"version-history":[{"count":5,"href":"https:\/\/www.kideileapaindegia.com\/es\/wp-json\/wp\/v2\/pages\/2154\/revisions"}],"predecessor-version":[{"id":2164,"href":"https:\/\/www.kideileapaindegia.com\/es\/wp-json\/wp\/v2\/pages\/2154\/revisions\/2164"}],"wp:featuredmedia":[{"embeddable":true,"href":"https:\/\/www.kideileapaindegia.com\/es\/wp-json\/wp\/v2\/media\/1033"}],"wp:attachment":[{"href":"https:\/\/www.kideileapaindegia.com\/es\/wp-json\/wp\/v2\/media?parent=2154"}],"curies":[{"name":"wp","href":"https:\/\/api.w.org\/{rel}","templated":true}]}}