{"id":644,"date":"2021-03-22T12:22:13","date_gmt":"2021-03-22T12:22:13","guid":{"rendered":"https:\/\/www.kideileapaindegia.com\/?page_id=644"},"modified":"2021-06-28T13:25:51","modified_gmt":"2021-06-28T13:25:51","slug":"contacto","status":"publish","type":"page","link":"https:\/\/www.kideileapaindegia.com\/es\/contacto\/","title":{"rendered":"Contacto"},"content":{"rendered":"\t\t<div data-elementor-type=\"wp-post\" data-elementor-id=\"644\" class=\"elementor elementor-644\" data-elementor-settings=\"[]\">\n\t\t\t\t\t\t\t<div class=\"elementor-section-wrap\">\n\t\t\t\t\t\t\t<section class=\"elementor-section elementor-top-section elementor-element elementor-element-a518a5f elementor-section-boxed elementor-section-height-default elementor-section-height-default\" data-id=\"a518a5f\" data-element_type=\"section\">\n\t\t\t\t\t\t<div class=\"elementor-container elementor-column-gap-default\">\n\t\t\t\t\t<div class=\"elementor-column elementor-col-100 elementor-top-column elementor-element elementor-element-4150aee\" data-id=\"4150aee\" data-element_type=\"column\">\n\t\t\t<div class=\"elementor-widget-wrap elementor-element-populated\">\n\t\t\t\t\t\t\t\t<div class=\"elementor-element elementor-element-39b9815 elementor-widget elementor-widget-heading\" data-id=\"39b9815\" data-element_type=\"widget\" data-widget_type=\"heading.default\">\n\t\t\t\t<div class=\"elementor-widget-container\">\n\t\t\t<h1 class=\"elementor-heading-title elementor-size-default\"><span style=\" letter-spacing: 2.4px;\">Siempre a tu disposici\u00f3n para cuidar tu cabello y dar forma a tu momento de bienestar personal<\/span><\/h1>\t\t<\/div>\n\t\t\t\t<\/div>\n\t\t\t\t\t<\/div>\n\t\t<\/div>\n\t\t\t\t\t\t\t<\/div>\n\t\t<\/section>\n\t\t\t\t<section class=\"elementor-section elementor-top-section elementor-element elementor-element-d7008b1 elementor-section-boxed elementor-section-height-default elementor-section-height-default\" data-id=\"d7008b1\" data-element_type=\"section\">\n\t\t\t\t\t\t<div class=\"elementor-container elementor-column-gap-default\">\n\t\t\t\t\t<div class=\"elementor-column elementor-col-50 elementor-top-column elementor-element elementor-element-eb30a91\" data-id=\"eb30a91\" data-element_type=\"column\">\n\t\t\t<div class=\"elementor-widget-wrap elementor-element-populated\">\n\t\t\t\t\t\t\t\t<div class=\"elementor-element elementor-element-abad1ee elementor-widget elementor-widget-heading\" data-id=\"abad1ee\" data-element_type=\"widget\" data-widget_type=\"heading.default\">\n\t\t\t\t<div class=\"elementor-widget-container\">\n\t\t\t<h3 class=\"elementor-heading-title elementor-size-default\">TE ESPERAMOS<br>EN ZARAUTZ<\/h3>\t\t<\/div>\n\t\t\t\t<\/div>\n\t\t\t\t<div class=\"elementor-element elementor-element-40e7257 elementor-widget elementor-widget-text-editor\" data-id=\"40e7257\" data-element_type=\"widget\" data-widget_type=\"text-editor.default\">\n\t\t\t\t<div class=\"elementor-widget-container\">\n\t\t\t\t\t<div class=\"elementor-text-editor elementor-clearfix\"><p>Ponte en contacto con nosotras y pide tu cita para nuestros servicios de peluquer\u00eda o est\u00e9tica. Adem\u00e1s, resolvemos por tel\u00e9fono o email cualquier duda que tengas sobre nuestras consultas, estudios del cabello y tratamientos personalizados.<\/p><\/div>\n\t\t\t\t<\/div>\n\t\t\t\t<\/div>\n\t\t\t\t<div class=\"elementor-element elementor-element-c8e1163 elementor-widget elementor-widget-text-editor\" data-id=\"c8e1163\" data-element_type=\"widget\" data-widget_type=\"text-editor.default\">\n\t\t\t\t<div class=\"elementor-widget-container\">\n\t\t\t\t\t<div class=\"elementor-text-editor elementor-clearfix\"><p><strong style=\"letter-spacing: 3.5px;\">TEL\u00c9FONO:<\/strong><strong> 943 83 05 61\u00a0 \/\u00a0 605 715 971<\/strong><br \/><strong style=\"letter-spacing: 3.5px; font-weight: 400;\">HORARIO:<\/strong><br \/>De lunes a viernes de 9 a 19h (martes festivo)<br \/>S\u00e1bado de 8 a 14h<br \/><br \/><strong>Zigordia kalea, 44, 20800 Zarautz, Gipuzkoa.<\/strong><\/p><\/div>\n\t\t\t\t<\/div>\n\t\t\t\t<\/div>\n\t\t\t\t<div class=\"elementor-element elementor-element-57e9fcb elementor-align-left elementor-tablet-align-left elementor-widget elementor-widget-button\" data-id=\"57e9fcb\" data-element_type=\"widget\" data-widget_type=\"button.default\">\n\t\t\t\t<div class=\"elementor-widget-container\">\n\t\t\t\t\t<div class=\"elementor-button-wrapper\">\n\t\t\t<a href=\"tel:+34%20943830561\" class=\"elementor-button-link elementor-button elementor-size-sm\" role=\"button\">\n\t\t\t\t\t\t<span class=\"elementor-button-content-wrapper\">\n\t\t\t\t\t\t<span class=\"elementor-button-text\">Ll\u00e1manos<\/span>\n\t\t<\/span>\n\t\t\t\t\t<\/a>\n\t\t<\/div>\n\t\t\t\t<\/div>\n\t\t\t\t<\/div>\n\t\t\t\t\t<\/div>\n\t\t<\/div>\n\t\t\t\t<div class=\"elementor-column elementor-col-50 elementor-top-column elementor-element elementor-element-f46037e\" data-id=\"f46037e\" data-element_type=\"column\">\n\t\t\t<div class=\"elementor-widget-wrap elementor-element-populated\">\n\t\t\t\t\t\t\t\t<div class=\"elementor-element elementor-element-9b2f80c elementor-widget elementor-widget-html\" data-id=\"9b2f80c\" data-element_type=\"widget\" data-widget_type=\"html.default\">\n\t\t\t\t<div class=\"elementor-widget-container\">\n\t\t\t<iframe src=\"https:\/\/www.google.com\/maps\/embed?pb=!1m18!1m12!1m3!1d2904.4141335115455!2d-2.174576483841545!3d43.28464828420084!2m3!1f0!2f0!3f0!3m2!1i1024!2i768!4f13.1!3m3!1m2!1s0xd51c8434901e095%3A0xc009a1ee53cba572!2sPeluquer%C3%ADa%20Kide!5e0!3m2!1ses!2ses!4v1622534629269!5m2!1ses!2ses\" width=\"600\" height=\"300\" style=\"border:0;\" allowfullscreen=\"\" loading=\"lazy\"><\/iframe>\t\t<\/div>\n\t\t\t\t<\/div>\n\t\t\t\t\t<\/div>\n\t\t<\/div>\n\t\t\t\t\t\t\t<\/div>\n\t\t<\/section>\n\t\t\t\t\t\t<\/div>\n\t\t\t\t\t<\/div>\n\t\t","protected":false},"excerpt":{"rendered":"<p>Siempre a tu disposici\u00f3n para cuidar tu cabello y dar forma a tu momento de bienestar personal TE ESPERAMOSEN ZARAUTZ Ponte en contacto con nosotras y pide tu cita para nuestros servicios de peluquer\u00eda o est\u00e9tica. Adem\u00e1s, resolvemos por tel\u00e9fono o email cualquier duda que tengas sobre nuestras consultas, estudios del cabello y tratamientos personalizados. [&hellip;]<\/p>\n","protected":false},"author":1,"featured_media":1033,"parent":0,"menu_order":0,"comment_status":"closed","ping_status":"closed","template":"elementor_header_footer","meta":{"footnotes":""},"class_list":["post-644","page","type-page","status-publish","has-post-thumbnail","hentry"],"yoast_head":"<!-- This site is optimized with the Yoast SEO plugin v16.4 - https:\/\/yoast.com\/wordpress\/plugins\/seo\/ -->\n<title>Pide cita y ven a tu peluquer\u00eda en Zarautz | Kide Ileapaindegia<\/title>\n<meta name=\"description\" content=\"Ll\u00e1manos por tel\u00e9fono o escr\u00edbenos y reserva cita para nuestros servicios de peluquer\u00eda o est\u00e9tica. \u00a1Te esperamos en Kide! Mucho m\u00e1s que ir a la peluquer\u00eda.\" \/>\n<meta name=\"robots\" content=\"index, follow, max-snippet:-1, max-image-preview:large, max-video-preview:-1\" \/>\n<link rel=\"canonical\" href=\"https:\/\/www.kideileapaindegia.com\/es\/contacto\/\" \/>\n<meta property=\"og:locale\" content=\"es_ES\" \/>\n<meta property=\"og:type\" content=\"article\" \/>\n<meta property=\"og:title\" content=\"Pide cita y ven a tu peluquer\u00eda en Zarautz | Kide Ileapaindegia\" \/>\n<meta property=\"og:description\" content=\"Ll\u00e1manos por tel\u00e9fono o escr\u00edbenos y reserva cita para nuestros servicios de peluquer\u00eda o est\u00e9tica. \u00a1Te esperamos en Kide! Mucho m\u00e1s que ir a la peluquer\u00eda.\" \/>\n<meta property=\"og:url\" content=\"https:\/\/www.kideileapaindegia.com\/es\/contacto\/\" \/>\n<meta property=\"og:site_name\" content=\"Kide Ileapaindegia\" \/>\n<meta property=\"article:modified_time\" content=\"2021-06-28T13:25:51+00:00\" \/>\n<meta property=\"og:image\" content=\"https:\/\/www.kideileapaindegia.com\/wp-content\/uploads\/2021\/03\/Kide_ileapaindegia_equipo_peluqueria_zarautz.jpg\" \/>\n\t<meta property=\"og:image:width\" content=\"1700\" \/>\n\t<meta property=\"og:image:height\" content=\"774\" \/>\n<meta name=\"twitter:card\" content=\"summary_large_image\" \/>\n<meta name=\"twitter:label1\" content=\"Tiempo de lectura\" \/>\n\t<meta name=\"twitter:data1\" content=\"1 minuto\" \/>\n<script type=\"application\/ld+json\" class=\"yoast-schema-graph\">{\"@context\":\"https:\/\/schema.org\",\"@graph\":[{\"@type\":\"WebSite\",\"@id\":\"https:\/\/www.kideileapaindegia.com\/es\/#website\",\"url\":\"https:\/\/www.kideileapaindegia.com\/es\/\",\"name\":\"Kide Ileapaindegia\",\"description\":\"Otro sitio realizado con WordPress\",\"potentialAction\":[{\"@type\":\"SearchAction\",\"target\":\"https:\/\/www.kideileapaindegia.com\/es\/?s={search_term_string}\",\"query-input\":\"required name=search_term_string\"}],\"inLanguage\":\"es\"},{\"@type\":\"ImageObject\",\"@id\":\"https:\/\/www.kideileapaindegia.com\/es\/contacto\/#primaryimage\",\"inLanguage\":\"es\",\"url\":\"https:\/\/www.kideileapaindegia.com\/wp-content\/uploads\/2021\/03\/Kide_ileapaindegia_equipo_peluqueria_zarautz.jpg\",\"contentUrl\":\"https:\/\/www.kideileapaindegia.com\/wp-content\/uploads\/2021\/03\/Kide_ileapaindegia_equipo_peluqueria_zarautz.jpg\",\"width\":1700,\"height\":774,\"caption\":\"Nuestro equipo - Kide Ileapaindegia\"},{\"@type\":\"WebPage\",\"@id\":\"https:\/\/www.kideileapaindegia.com\/es\/contacto\/#webpage\",\"url\":\"https:\/\/www.kideileapaindegia.com\/es\/contacto\/\",\"name\":\"Pide cita y ven a tu peluquer\\u00eda en Zarautz | Kide Ileapaindegia\",\"isPartOf\":{\"@id\":\"https:\/\/www.kideileapaindegia.com\/es\/#website\"},\"primaryImageOfPage\":{\"@id\":\"https:\/\/www.kideileapaindegia.com\/es\/contacto\/#primaryimage\"},\"datePublished\":\"2021-03-22T12:22:13+00:00\",\"dateModified\":\"2021-06-28T13:25:51+00:00\",\"description\":\"Ll\\u00e1manos por tel\\u00e9fono o escr\\u00edbenos y reserva cita para nuestros servicios de peluquer\\u00eda o est\\u00e9tica. \\u00a1Te esperamos en Kide! Mucho m\\u00e1s que ir a la peluquer\\u00eda.\",\"breadcrumb\":{\"@id\":\"https:\/\/www.kideileapaindegia.com\/es\/contacto\/#breadcrumb\"},\"inLanguage\":\"es\",\"potentialAction\":[{\"@type\":\"ReadAction\",\"target\":[\"https:\/\/www.kideileapaindegia.com\/es\/contacto\/\"]}]},{\"@type\":\"BreadcrumbList\",\"@id\":\"https:\/\/www.kideileapaindegia.com\/es\/contacto\/#breadcrumb\",\"itemListElement\":[{\"@type\":\"ListItem\",\"position\":1,\"item\":{\"@type\":\"WebPage\",\"@id\":\"https:\/\/www.kideileapaindegia.com\/es\/\",\"url\":\"https:\/\/www.kideileapaindegia.com\/es\/\",\"name\":\"Portada\"}},{\"@type\":\"ListItem\",\"position\":2,\"item\":{\"@id\":\"https:\/\/www.kideileapaindegia.com\/es\/contacto\/#webpage\"}}]}]}<\/script>\n<!-- \/ Yoast SEO plugin. -->","_links":{"self":[{"href":"https:\/\/www.kideileapaindegia.com\/es\/wp-json\/wp\/v2\/pages\/644","targetHints":{"allow":["GET"]}}],"collection":[{"href":"https:\/\/www.kideileapaindegia.com\/es\/wp-json\/wp\/v2\/pages"}],"about":[{"href":"https:\/\/www.kideileapaindegia.com\/es\/wp-json\/wp\/v2\/types\/page"}],"author":[{"embeddable":true,"href":"https:\/\/www.kideileapaindegia.com\/es\/wp-json\/wp\/v2\/users\/1"}],"replies":[{"embeddable":true,"href":"https:\/\/www.kideileapaindegia.com\/es\/wp-json\/wp\/v2\/comments?post=644"}],"version-history":[{"count":84,"href":"https:\/\/www.kideileapaindegia.com\/es\/wp-json\/wp\/v2\/pages\/644\/revisions"}],"predecessor-version":[{"id":2198,"href":"https:\/\/www.kideileapaindegia.com\/es\/wp-json\/wp\/v2\/pages\/644\/revisions\/2198"}],"wp:featuredmedia":[{"embeddable":true,"href":"https:\/\/www.kideileapaindegia.com\/es\/wp-json\/wp\/v2\/media\/1033"}],"wp:attachment":[{"href":"https:\/\/www.kideileapaindegia.com\/es\/wp-json\/wp\/v2\/media?parent=644"}],"curies":[{"name":"wp","href":"https:\/\/api.w.org\/{rel}","templated":true}]}}