{"id":659,"date":"2021-03-22T13:38:33","date_gmt":"2021-03-22T13:38:33","guid":{"rendered":"https:\/\/www.kideileapaindegia.com\/?page_id=659"},"modified":"2021-06-07T09:00:57","modified_gmt":"2021-06-07T09:00:57","slug":"tu-momento","status":"publish","type":"page","link":"https:\/\/www.kideileapaindegia.com\/es\/tu-momento\/","title":{"rendered":"Tu momento"},"content":{"rendered":"\t\t<div data-elementor-type=\"wp-post\" data-elementor-id=\"659\" class=\"elementor elementor-659\" data-elementor-settings=\"[]\">\n\t\t\t\t\t\t\t<div class=\"elementor-section-wrap\">\n\t\t\t\t\t\t\t<section class=\"elementor-section elementor-top-section elementor-element elementor-element-1f4940b elementor-section-boxed elementor-section-height-default elementor-section-height-default\" data-id=\"1f4940b\" data-element_type=\"section\" data-settings=\"{&quot;background_background&quot;:&quot;gradient&quot;}\">\n\t\t\t\t\t\t<div class=\"elementor-container elementor-column-gap-default\">\n\t\t\t\t\t<div class=\"elementor-column elementor-col-50 elementor-top-column elementor-element elementor-element-9e9650d\" data-id=\"9e9650d\" data-element_type=\"column\">\n\t\t\t<div class=\"elementor-widget-wrap elementor-element-populated\">\n\t\t\t\t\t\t\t\t<div class=\"elementor-element elementor-element-1979ab3 elementor-widget elementor-widget-heading\" data-id=\"1979ab3\" data-element_type=\"widget\" data-widget_type=\"heading.default\">\n\t\t\t\t<div class=\"elementor-widget-container\">\n\t\t\t<h1 class=\"elementor-heading-title elementor-size-default\">Tu momento<\/h1>\t\t<\/div>\n\t\t\t\t<\/div>\n\t\t\t\t<div class=\"elementor-element elementor-element-dc7b3eb elementor-widget elementor-widget-heading\" data-id=\"dc7b3eb\" data-element_type=\"widget\" data-widget_type=\"heading.default\">\n\t\t\t\t<div class=\"elementor-widget-container\">\n\t\t\t<h3 class=\"elementor-heading-title elementor-size-default\">DISFRUTA DE MUCHO M\u00c1S QUE UNA VISITA A LA PELUQUER\u00cdA<\/h3>\t\t<\/div>\n\t\t\t\t<\/div>\n\t\t\t\t\t<\/div>\n\t\t<\/div>\n\t\t\t\t<div class=\"elementor-column elementor-col-50 elementor-top-column elementor-element elementor-element-2816e1d\" data-id=\"2816e1d\" data-element_type=\"column\" data-settings=\"{&quot;background_background&quot;:&quot;classic&quot;}\">\n\t\t\t<div class=\"elementor-widget-wrap elementor-element-populated\">\n\t\t\t\t\t\t\t\t<div class=\"elementor-element elementor-element-59ed3d5 elementor-widget elementor-widget-text-editor\" data-id=\"59ed3d5\" data-element_type=\"widget\" data-widget_type=\"text-editor.default\">\n\t\t\t\t<div class=\"elementor-widget-container\">\n\t\t\t\t\t<div class=\"elementor-text-editor elementor-clearfix\"><p>Nada nos gusta m\u00e1s que hacerte sentir especial en cada una de tus visitas a Kide Ileapaindegia. Nuestro centro est\u00e1 pensado para el <strong>disfrute de tus sentidos<\/strong>, para que cada una de tus citas se convierta en <strong>tu momento de bienestar personal de la semana<\/strong>.<\/p><\/div>\n\t\t\t\t<\/div>\n\t\t\t\t<\/div>\n\t\t\t\t\t<\/div>\n\t\t<\/div>\n\t\t\t\t\t\t\t<\/div>\n\t\t<\/section>\n\t\t\t\t<section class=\"elementor-section elementor-top-section elementor-element elementor-element-46cdf4a elementor-section-boxed elementor-section-height-default elementor-section-height-default\" data-id=\"46cdf4a\" data-element_type=\"section\">\n\t\t\t\t\t\t<div class=\"elementor-container elementor-column-gap-default\">\n\t\t\t\t\t<div class=\"elementor-column elementor-col-100 elementor-top-column elementor-element elementor-element-6d9ddb2\" data-id=\"6d9ddb2\" data-element_type=\"column\">\n\t\t\t<div class=\"elementor-widget-wrap elementor-element-populated\">\n\t\t\t\t\t\t\t\t<div class=\"elementor-element elementor-element-0f5e8a4 elementor-widget elementor-widget-image\" data-id=\"0f5e8a4\" data-element_type=\"widget\" data-widget_type=\"image.default\">\n\t\t\t\t<div class=\"elementor-widget-container\">\n\t\t\t\t\t<div class=\"elementor-image\">\n\t\t\t\t\t\t\t\t\t\t<img loading=\"lazy\" decoding=\"async\" width=\"1700\" height=\"939\" src=\"https:\/\/www.kideileapaindegia.com\/wp-content\/uploads\/2021\/03\/Kide_ileapaindegia_tu_momento_espacio-copia.jpg\" class=\"attachment-full size-full\" alt=\"Tu momento - Kide Ileapaindegia\" srcset=\"https:\/\/www.kideileapaindegia.com\/wp-content\/uploads\/2021\/03\/Kide_ileapaindegia_tu_momento_espacio-copia.jpg 1700w, https:\/\/www.kideileapaindegia.com\/wp-content\/uploads\/2021\/03\/Kide_ileapaindegia_tu_momento_espacio-copia-300x166.jpg 300w, https:\/\/www.kideileapaindegia.com\/wp-content\/uploads\/2021\/03\/Kide_ileapaindegia_tu_momento_espacio-copia-1024x566.jpg 1024w, https:\/\/www.kideileapaindegia.com\/wp-content\/uploads\/2021\/03\/Kide_ileapaindegia_tu_momento_espacio-copia-768x424.jpg 768w, https:\/\/www.kideileapaindegia.com\/wp-content\/uploads\/2021\/03\/Kide_ileapaindegia_tu_momento_espacio-copia-1536x848.jpg 1536w, https:\/\/www.kideileapaindegia.com\/wp-content\/uploads\/2021\/03\/Kide_ileapaindegia_tu_momento_espacio-copia-600x331.jpg 600w\" sizes=\"auto, (max-width: 1700px) 100vw, 1700px\" \/>\t\t\t\t\t\t\t\t\t\t\t<\/div>\n\t\t\t\t<\/div>\n\t\t\t\t<\/div>\n\t\t\t\t<section class=\"elementor-section elementor-inner-section elementor-element elementor-element-2822f89 elementor-section-boxed elementor-section-height-default elementor-section-height-default\" data-id=\"2822f89\" data-element_type=\"section\">\n\t\t\t\t\t\t<div class=\"elementor-container elementor-column-gap-no\">\n\t\t\t\t\t<div class=\"elementor-column elementor-col-100 elementor-inner-column elementor-element elementor-element-57a9cce\" data-id=\"57a9cce\" data-element_type=\"column\">\n\t\t\t<div class=\"elementor-widget-wrap elementor-element-populated\">\n\t\t\t\t\t\t\t\t<div class=\"elementor-element elementor-element-6af3ae2 elementor-widget elementor-widget-heading\" data-id=\"6af3ae2\" data-element_type=\"widget\" data-widget_type=\"heading.default\">\n\t\t\t\t<div class=\"elementor-widget-container\">\n\t\t\t<h2 class=\"elementor-heading-title elementor-size-default\">Una experiencia personalizada<\/h2>\t\t<\/div>\n\t\t\t\t<\/div>\n\t\t\t\t<div class=\"elementor-element elementor-element-79dc5e8 elementor-widget elementor-widget-text-editor\" data-id=\"79dc5e8\" data-element_type=\"widget\" data-widget_type=\"text-editor.default\">\n\t\t\t\t<div class=\"elementor-widget-container\">\n\t\t\t\t\t<div class=\"elementor-text-editor elementor-clearfix\"><p>Nos gusta hablar de t\u00fa a t\u00fa y en confianza, por eso en Kide Ileapaindegia <strong>trabajamos para brindarte una experiencia personalizada<\/strong> en cada uno de nuestros servicios, tratamientos y consultas.<\/p><p>Nuestro equipo de profesionales del cabello trabaja con grupos reducidos, para garantizarte la atenci\u00f3n profesional y personal que buscas, dar con el tratamiento m\u00e1s adecuado para tu cabello y hacerte sentir como en casa. <strong>Te asesoramos y te acompa\u00f1amos<\/strong> en el camino hasta encontrar tu bienestar capilar completo.<\/p><\/div>\n\t\t\t\t<\/div>\n\t\t\t\t<\/div>\n\t\t\t\t<div class=\"elementor-element elementor-element-9dc4ff1 elementor-align-left elementor-tablet-align-left elementor-widget elementor-widget-button\" data-id=\"9dc4ff1\" data-element_type=\"widget\" data-widget_type=\"button.default\">\n\t\t\t\t<div class=\"elementor-widget-container\">\n\t\t\t\t\t<div class=\"elementor-button-wrapper\">\n\t\t\t<a href=\"https:\/\/www.kideileapaindegia.com\/equipo\/\" class=\"elementor-button-link elementor-button elementor-size-sm\" role=\"button\">\n\t\t\t\t\t\t<span class=\"elementor-button-content-wrapper\">\n\t\t\t\t\t\t<span class=\"elementor-button-text\">\u00bfYA CONOCES A NUESTRO EQUIPO?<\/span>\n\t\t<\/span>\n\t\t\t\t\t<\/a>\n\t\t<\/div>\n\t\t\t\t<\/div>\n\t\t\t\t<\/div>\n\t\t\t\t\t<\/div>\n\t\t<\/div>\n\t\t\t\t\t\t\t<\/div>\n\t\t<\/section>\n\t\t\t\t\t<\/div>\n\t\t<\/div>\n\t\t\t\t\t\t\t<\/div>\n\t\t<\/section>\n\t\t\t\t<section class=\"elementor-section elementor-top-section elementor-element elementor-element-7732656e elementor-section-content-middle elementor-section-boxed elementor-section-height-default elementor-section-height-default\" data-id=\"7732656e\" data-element_type=\"section\">\n\t\t\t\t\t\t<div class=\"elementor-container elementor-column-gap-no\">\n\t\t\t\t\t<div class=\"elementor-column elementor-col-100 elementor-top-column elementor-element elementor-element-1846b6db\" data-id=\"1846b6db\" data-element_type=\"column\">\n\t\t\t<div class=\"elementor-widget-wrap elementor-element-populated\">\n\t\t\t\t\t\t\t\t<div class=\"elementor-element elementor-element-7ec7b6b elementor-arrows-position-inside elementor-widget elementor-widget-image-carousel\" data-id=\"7ec7b6b\" data-element_type=\"widget\" data-settings=\"{&quot;slides_to_show&quot;:&quot;3&quot;,&quot;slides_to_scroll&quot;:&quot;1&quot;,&quot;navigation&quot;:&quot;arrows&quot;,&quot;image_spacing_custom&quot;:{&quot;unit&quot;:&quot;px&quot;,&quot;size&quot;:11,&quot;sizes&quot;:[]},&quot;autoplay&quot;:&quot;yes&quot;,&quot;pause_on_hover&quot;:&quot;yes&quot;,&quot;pause_on_interaction&quot;:&quot;yes&quot;,&quot;autoplay_speed&quot;:5000,&quot;infinite&quot;:&quot;yes&quot;,&quot;speed&quot;:500}\" data-widget_type=\"image-carousel.default\">\n\t\t\t\t<div class=\"elementor-widget-container\">\n\t\t\t\t\t<div class=\"elementor-image-carousel-wrapper swiper-container\" dir=\"ltr\">\n\t\t\t<div class=\"elementor-image-carousel swiper-wrapper\">\n\t\t\t\t<div class=\"swiper-slide\"><figure class=\"swiper-slide-inner\"><img decoding=\"async\" class=\"swiper-slide-image\" src=\"https:\/\/www.kideileapaindegia.com\/wp-content\/uploads\/2021\/03\/Kide_ileapaindegia_tu_momento_experiencia_personalizada_3.jpg\" alt=\"Experiencia personalizada - Kide Ileapaindegia\" \/><\/figure><\/div><div class=\"swiper-slide\"><figure class=\"swiper-slide-inner\"><img decoding=\"async\" class=\"swiper-slide-image\" src=\"https:\/\/www.kideileapaindegia.com\/wp-content\/uploads\/2021\/03\/Kide_ileapaindegia_tu_momento_experiencia_personalizada_2.jpg\" alt=\"Experiencia personalizada - Kide Ileapaindegia\" \/><\/figure><\/div><div class=\"swiper-slide\"><figure class=\"swiper-slide-inner\"><img decoding=\"async\" class=\"swiper-slide-image\" src=\"https:\/\/www.kideileapaindegia.com\/wp-content\/uploads\/2021\/03\/Kide_ileapaindegia_tu_momento_experiencia_personalizada_1.jpg\" alt=\"Experiencia personalizada - Kide Ileapaindegia\" \/><\/figure><\/div><div class=\"swiper-slide\"><figure class=\"swiper-slide-inner\"><img decoding=\"async\" class=\"swiper-slide-image\" src=\"https:\/\/www.kideileapaindegia.com\/wp-content\/uploads\/2021\/06\/Kide_ileapaindegia_tu_momento_experiencia_personalizada_4.jpg\" alt=\"Tu momento - Experiencia personalizada - Kide Ileapaindegia\" \/><\/figure><\/div>\t\t\t<\/div>\n\t\t\t\t\t\t\t\t\t\t\t\t\t\t\t\t<div class=\"elementor-swiper-button elementor-swiper-button-prev\">\n\t\t\t\t\t\t<i class=\"eicon-chevron-left\" aria-hidden=\"true\"><\/i>\n\t\t\t\t\t\t<span class=\"elementor-screen-only\">Anterior<\/span>\n\t\t\t\t\t<\/div>\n\t\t\t\t\t<div class=\"elementor-swiper-button elementor-swiper-button-next\">\n\t\t\t\t\t\t<i class=\"eicon-chevron-right\" aria-hidden=\"true\"><\/i>\n\t\t\t\t\t\t<span class=\"elementor-screen-only\">Siguiente<\/span>\n\t\t\t\t\t<\/div>\n\t\t\t\t\t\t\t\t\t<\/div>\n\t\t\t\t<\/div>\n\t\t\t\t<\/div>\n\t\t\t\t\t<\/div>\n\t\t<\/div>\n\t\t\t\t\t\t\t<\/div>\n\t\t<\/section>\n\t\t\t\t<section class=\"elementor-section elementor-top-section elementor-element elementor-element-5aa93d2 elementor-section-full_width no-background-mobile ambiente-especial elementor-section-height-default elementor-section-height-default\" data-id=\"5aa93d2\" data-element_type=\"section\" data-settings=\"{&quot;background_background&quot;:&quot;classic&quot;}\">\n\t\t\t\t\t\t\t<div class=\"elementor-background-overlay\"><\/div>\n\t\t\t\t\t\t\t<div class=\"elementor-container elementor-column-gap-default\">\n\t\t\t\t\t<div class=\"elementor-column elementor-col-50 elementor-top-column elementor-element elementor-element-ab4e6ce elementor-hidden-tablet\" data-id=\"ab4e6ce\" data-element_type=\"column\" data-settings=\"{&quot;background_background&quot;:&quot;classic&quot;}\">\n\t\t\t<div class=\"elementor-widget-wrap elementor-element-populated\">\n\t\t\t\t\t\t\t\t<div class=\"elementor-element elementor-element-e8d17d5 elementor-hidden-desktop elementor-hidden-tablet elementor-widget elementor-widget-image\" data-id=\"e8d17d5\" data-element_type=\"widget\" data-widget_type=\"image.default\">\n\t\t\t\t<div class=\"elementor-widget-container\">\n\t\t\t\t\t<div class=\"elementor-image\">\n\t\t\t\t\t\t\t\t\t\t<img loading=\"lazy\" decoding=\"async\" width=\"2113\" height=\"1409\" src=\"https:\/\/www.kideileapaindegia.com\/wp-content\/uploads\/2021\/06\/Kide_peluqueria-45.jpg\" class=\"attachment-full size-full\" alt=\"La peluquer\u00eda - Kide Ileapaindegia\" srcset=\"https:\/\/www.kideileapaindegia.com\/wp-content\/uploads\/2021\/06\/Kide_peluqueria-45.jpg 2113w, https:\/\/www.kideileapaindegia.com\/wp-content\/uploads\/2021\/06\/Kide_peluqueria-45-300x200.jpg 300w, https:\/\/www.kideileapaindegia.com\/wp-content\/uploads\/2021\/06\/Kide_peluqueria-45-1024x683.jpg 1024w, https:\/\/www.kideileapaindegia.com\/wp-content\/uploads\/2021\/06\/Kide_peluqueria-45-768x512.jpg 768w, https:\/\/www.kideileapaindegia.com\/wp-content\/uploads\/2021\/06\/Kide_peluqueria-45-1536x1024.jpg 1536w, https:\/\/www.kideileapaindegia.com\/wp-content\/uploads\/2021\/06\/Kide_peluqueria-45-2048x1366.jpg 2048w, https:\/\/www.kideileapaindegia.com\/wp-content\/uploads\/2021\/06\/Kide_peluqueria-45-600x400.jpg 600w\" sizes=\"auto, (max-width: 2113px) 100vw, 2113px\" \/>\t\t\t\t\t\t\t\t\t\t\t<\/div>\n\t\t\t\t<\/div>\n\t\t\t\t<\/div>\n\t\t\t\t\t<\/div>\n\t\t<\/div>\n\t\t\t\t<div class=\"elementor-column elementor-col-50 elementor-top-column elementor-element elementor-element-ad318df columna\" data-id=\"ad318df\" data-element_type=\"column\" data-settings=\"{&quot;background_background&quot;:&quot;classic&quot;}\">\n\t\t\t<div class=\"elementor-widget-wrap elementor-element-populated\">\n\t\t\t\t\t\t\t\t<div class=\"elementor-element elementor-element-83a6c30 elementor-widget__width-initial elementor-widget-tablet__width-inherit elementor-widget elementor-widget-heading\" data-id=\"83a6c30\" data-element_type=\"widget\" data-widget_type=\"heading.default\">\n\t\t\t\t<div class=\"elementor-widget-container\">\n\t\t\t<h2 class=\"elementor-heading-title elementor-size-default\">El ambiente m\u00e1s especial<\/h2>\t\t<\/div>\n\t\t\t\t<\/div>\n\t\t\t\t<section class=\"elementor-section elementor-inner-section elementor-element elementor-element-a0f6731 elementor-section-full_width elementor-section-height-default elementor-section-height-default\" data-id=\"a0f6731\" data-element_type=\"section\" data-settings=\"{&quot;background_background&quot;:&quot;classic&quot;}\">\n\t\t\t\t\t\t\t<div class=\"elementor-background-overlay\"><\/div>\n\t\t\t\t\t\t\t<div class=\"elementor-container elementor-column-gap-default\">\n\t\t\t\t\t<div class=\"elementor-column elementor-col-100 elementor-inner-column elementor-element elementor-element-17d7c1b\" data-id=\"17d7c1b\" data-element_type=\"column\">\n\t\t\t<div class=\"elementor-widget-wrap elementor-element-populated\">\n\t\t\t\t\t\t\t\t<div class=\"elementor-element elementor-element-43e2fa5 elementor-widget elementor-widget-jet-services\" data-id=\"43e2fa5\" data-element_type=\"widget\" data-widget_type=\"jet-services.default\">\n\t\t\t\t<div class=\"elementor-widget-container\">\n\t\t\t<div class=\"elementor-jet-services jet-elements\"><div class=\"jet-services jet-services--header-position-top\">\n\t<div class=\"jet-services__inner\">\n\t\t<div class=\"jet-services__header\">\n\t\t\t<div class=\"jet-services__cover\"><\/div>\n\t\t<\/div>\n\t\t<div class=\"jet-services__content\"><p class=\"jet-services__desc\">No nos conformamos con cuidar de tu cabello,  <strong>queremos que, al tiempo que mimas tu salud capilar <\/strong> o experimentas un cambio de imagen,  <strong>disfrutes de cada minuto en nuestro espacio de Zarautz <\/strong>. <br>\n\nTenemos en cuenta todos los pormenores para lograr que tu experiencia en Kide Ileapaindegia sea lo m\u00e1s satisfactoria posible.  <strong>M\u00fasica ambiente, luz tenue, olores relajantes\u2026 <\/strong> Todos los detalles a nuestro alcance centrados en que vivas tu momento, te centres en ti y te sientas en armon\u00eda y bienestar. <\/p><a class=\"elementor-button elementor-size-md jet-services__button jet-services__button--icon-\" href=\"https:\/\/www.kideileapaindegia.com\/contacto\/\"><span class=\"jet-services__button-text\">Pide cita y d\u00e9janos cuidarte<\/span><\/a><\/div>\n\t<\/div>\n<\/div>\n<\/div>\t\t<\/div>\n\t\t\t\t<\/div>\n\t\t\t\t\t<\/div>\n\t\t<\/div>\n\t\t\t\t\t\t\t<\/div>\n\t\t<\/section>\n\t\t\t\t\t<\/div>\n\t\t<\/div>\n\t\t\t\t\t\t\t<\/div>\n\t\t<\/section>\n\t\t\t\t<section class=\"elementor-section elementor-top-section elementor-element elementor-element-7293718 elementor-section-full_width elementor-section-height-default elementor-section-height-default\" data-id=\"7293718\" data-element_type=\"section\">\n\t\t\t\t\t\t<div class=\"elementor-container elementor-column-gap-default\">\n\t\t\t\t\t<div class=\"elementor-column elementor-col-100 elementor-top-column elementor-element elementor-element-7212222\" data-id=\"7212222\" data-element_type=\"column\">\n\t\t\t<div class=\"elementor-widget-wrap elementor-element-populated\">\n\t\t\t\t\t\t\t\t<div class=\"elementor-element elementor-element-910d152 elementor-widget-divider--view-line elementor-widget elementor-widget-divider\" data-id=\"910d152\" data-element_type=\"widget\" data-widget_type=\"divider.default\">\n\t\t\t\t<div class=\"elementor-widget-container\">\n\t\t\t\t\t<div class=\"elementor-divider\">\n\t\t\t<span class=\"elementor-divider-separator\">\n\t\t\t\t\t\t<\/span>\n\t\t<\/div>\n\t\t\t\t<\/div>\n\t\t\t\t<\/div>\n\t\t\t\t\t<\/div>\n\t\t<\/div>\n\t\t\t\t\t\t\t<\/div>\n\t\t<\/section>\n\t\t\t\t\t\t<\/div>\n\t\t\t\t\t<\/div>\n\t\t","protected":false},"excerpt":{"rendered":"<p>Tu momento DISFRUTA DE MUCHO M\u00c1S QUE UNA VISITA A LA PELUQUER\u00cdA Nada nos gusta m\u00e1s que hacerte sentir especial en cada una de tus visitas a Kide Ileapaindegia. Nuestro centro est\u00e1 pensado para el disfrute de tus sentidos, para que cada una de tus citas se convierta en tu momento de bienestar personal de [&hellip;]<\/p>\n","protected":false},"author":1,"featured_media":1051,"parent":0,"menu_order":0,"comment_status":"closed","ping_status":"closed","template":"page-templates\/fullwidth-content.php","meta":{"footnotes":""},"class_list":["post-659","page","type-page","status-publish","has-post-thumbnail","hentry"],"yoast_head":"<!-- This site is optimized with the Yoast SEO plugin v16.4 - https:\/\/yoast.com\/wordpress\/plugins\/seo\/ -->\n<title>Tu momento Kide: mucho m\u00e1s que ir a la peluquer\u00eda | Kide Ileapaindegia<\/title>\n<meta name=\"description\" content=\"Nuestro centro de peluquer\u00eda de Zarautz est\u00e1 pensado para el disfrute de tus sentidos. Queremos que cada visita sea un momento de bienestar personal. Pide cita y v\u00edvelo.\" \/>\n<meta name=\"robots\" content=\"index, follow, max-snippet:-1, max-image-preview:large, max-video-preview:-1\" \/>\n<link rel=\"canonical\" href=\"https:\/\/www.kideileapaindegia.com\/es\/tu-momento\/\" \/>\n<meta property=\"og:locale\" content=\"es_ES\" \/>\n<meta property=\"og:type\" content=\"article\" \/>\n<meta property=\"og:title\" content=\"Tu momento Kide: mucho m\u00e1s que ir a la peluquer\u00eda | Kide Ileapaindegia\" \/>\n<meta property=\"og:description\" content=\"Nuestro centro de peluquer\u00eda de Zarautz est\u00e1 pensado para el disfrute de tus sentidos. Queremos que cada visita sea un momento de bienestar personal. Pide cita y v\u00edvelo.\" \/>\n<meta property=\"og:url\" content=\"https:\/\/www.kideileapaindegia.com\/es\/tu-momento\/\" \/>\n<meta property=\"og:site_name\" content=\"Kide Ileapaindegia\" \/>\n<meta property=\"article:modified_time\" content=\"2021-06-07T09:00:57+00:00\" \/>\n<meta property=\"og:image\" content=\"https:\/\/www.kideileapaindegia.com\/wp-content\/uploads\/2021\/03\/Kide_ileapaindegia_tu_momento_experiencia_personalizada_2_OK.jpg\" \/>\n\t<meta property=\"og:image:width\" content=\"643\" \/>\n\t<meta property=\"og:image:height\" content=\"499\" \/>\n<meta name=\"twitter:card\" content=\"summary_large_image\" \/>\n<meta name=\"twitter:label1\" content=\"Tiempo de lectura\" \/>\n\t<meta name=\"twitter:data1\" content=\"4 minutos\" \/>\n<script type=\"application\/ld+json\" class=\"yoast-schema-graph\">{\"@context\":\"https:\/\/schema.org\",\"@graph\":[{\"@type\":\"WebSite\",\"@id\":\"https:\/\/www.kideileapaindegia.com\/es\/#website\",\"url\":\"https:\/\/www.kideileapaindegia.com\/es\/\",\"name\":\"Kide Ileapaindegia\",\"description\":\"Otro sitio realizado con WordPress\",\"potentialAction\":[{\"@type\":\"SearchAction\",\"target\":\"https:\/\/www.kideileapaindegia.com\/es\/?s={search_term_string}\",\"query-input\":\"required name=search_term_string\"}],\"inLanguage\":\"es\"},{\"@type\":\"ImageObject\",\"@id\":\"https:\/\/www.kideileapaindegia.com\/es\/tu-momento\/#primaryimage\",\"inLanguage\":\"es\",\"url\":\"https:\/\/www.kideileapaindegia.com\/wp-content\/uploads\/2021\/03\/Kide_ileapaindegia_tu_momento_experiencia_personalizada_2_OK.jpg\",\"contentUrl\":\"https:\/\/www.kideileapaindegia.com\/wp-content\/uploads\/2021\/03\/Kide_ileapaindegia_tu_momento_experiencia_personalizada_2_OK.jpg\",\"width\":643,\"height\":499,\"caption\":\"Experiencia personalizada - Kide Ileapaindegia\"},{\"@type\":\"WebPage\",\"@id\":\"https:\/\/www.kideileapaindegia.com\/es\/tu-momento\/#webpage\",\"url\":\"https:\/\/www.kideileapaindegia.com\/es\/tu-momento\/\",\"name\":\"Tu momento Kide: mucho m\\u00e1s que ir a la peluquer\\u00eda | Kide Ileapaindegia\",\"isPartOf\":{\"@id\":\"https:\/\/www.kideileapaindegia.com\/es\/#website\"},\"primaryImageOfPage\":{\"@id\":\"https:\/\/www.kideileapaindegia.com\/es\/tu-momento\/#primaryimage\"},\"datePublished\":\"2021-03-22T13:38:33+00:00\",\"dateModified\":\"2021-06-07T09:00:57+00:00\",\"description\":\"Nuestro centro de peluquer\\u00eda de Zarautz est\\u00e1 pensado para el disfrute de tus sentidos. Queremos que cada visita sea un momento de bienestar personal. Pide cita y v\\u00edvelo.\",\"breadcrumb\":{\"@id\":\"https:\/\/www.kideileapaindegia.com\/es\/tu-momento\/#breadcrumb\"},\"inLanguage\":\"es\",\"potentialAction\":[{\"@type\":\"ReadAction\",\"target\":[\"https:\/\/www.kideileapaindegia.com\/es\/tu-momento\/\"]}]},{\"@type\":\"BreadcrumbList\",\"@id\":\"https:\/\/www.kideileapaindegia.com\/es\/tu-momento\/#breadcrumb\",\"itemListElement\":[{\"@type\":\"ListItem\",\"position\":1,\"item\":{\"@type\":\"WebPage\",\"@id\":\"https:\/\/www.kideileapaindegia.com\/es\/\",\"url\":\"https:\/\/www.kideileapaindegia.com\/es\/\",\"name\":\"Portada\"}},{\"@type\":\"ListItem\",\"position\":2,\"item\":{\"@id\":\"https:\/\/www.kideileapaindegia.com\/es\/tu-momento\/#webpage\"}}]}]}<\/script>\n<!-- \/ Yoast SEO plugin. -->","_links":{"self":[{"href":"https:\/\/www.kideileapaindegia.com\/es\/wp-json\/wp\/v2\/pages\/659","targetHints":{"allow":["GET"]}}],"collection":[{"href":"https:\/\/www.kideileapaindegia.com\/es\/wp-json\/wp\/v2\/pages"}],"about":[{"href":"https:\/\/www.kideileapaindegia.com\/es\/wp-json\/wp\/v2\/types\/page"}],"author":[{"embeddable":true,"href":"https:\/\/www.kideileapaindegia.com\/es\/wp-json\/wp\/v2\/users\/1"}],"replies":[{"embeddable":true,"href":"https:\/\/www.kideileapaindegia.com\/es\/wp-json\/wp\/v2\/comments?post=659"}],"version-history":[{"count":80,"href":"https:\/\/www.kideileapaindegia.com\/es\/wp-json\/wp\/v2\/pages\/659\/revisions"}],"predecessor-version":[{"id":2142,"href":"https:\/\/www.kideileapaindegia.com\/es\/wp-json\/wp\/v2\/pages\/659\/revisions\/2142"}],"wp:featuredmedia":[{"embeddable":true,"href":"https:\/\/www.kideileapaindegia.com\/es\/wp-json\/wp\/v2\/media\/1051"}],"wp:attachment":[{"href":"https:\/\/www.kideileapaindegia.com\/es\/wp-json\/wp\/v2\/media?parent=659"}],"curies":[{"name":"wp","href":"https:\/\/api.w.org\/{rel}","templated":true}]}}