{"id":682,"date":"2021-03-22T14:53:56","date_gmt":"2021-03-22T14:53:56","guid":{"rendered":"https:\/\/www.kideileapaindegia.com\/?page_id=682"},"modified":"2021-06-07T08:53:44","modified_gmt":"2021-06-07T08:53:44","slug":"equipo","status":"publish","type":"page","link":"https:\/\/www.kideileapaindegia.com\/es\/equipo\/","title":{"rendered":"Equipo"},"content":{"rendered":"\t\t<div data-elementor-type=\"wp-post\" data-elementor-id=\"682\" class=\"elementor elementor-682\" data-elementor-settings=\"[]\">\n\t\t\t\t\t\t\t<div class=\"elementor-section-wrap\">\n\t\t\t\t\t\t\t<section class=\"elementor-section elementor-top-section elementor-element elementor-element-70e4e82f elementor-section-boxed elementor-section-height-default elementor-section-height-default\" data-id=\"70e4e82f\" data-element_type=\"section\">\n\t\t\t\t\t\t<div class=\"elementor-container elementor-column-gap-no\">\n\t\t\t\t\t<div class=\"elementor-column elementor-col-100 elementor-top-column elementor-element elementor-element-492b923d\" data-id=\"492b923d\" data-element_type=\"column\">\n\t\t\t<div class=\"elementor-widget-wrap elementor-element-populated\">\n\t\t\t\t\t\t\t\t<div class=\"elementor-element elementor-element-345b998 elementor-widget elementor-widget-heading\" data-id=\"345b998\" data-element_type=\"widget\" data-widget_type=\"heading.default\">\n\t\t\t\t<div class=\"elementor-widget-container\">\n\t\t\t<h1 class=\"elementor-heading-title elementor-size-default\">Experiencia y confianza <br>en Zarautz<\/h1>\t\t<\/div>\n\t\t\t\t<\/div>\n\t\t\t\t<div class=\"elementor-element elementor-element-0388555 elementor-widget elementor-widget-text-editor\" data-id=\"0388555\" data-element_type=\"widget\" data-widget_type=\"text-editor.default\">\n\t\t\t\t<div class=\"elementor-widget-container\">\n\t\t\t\t\t<div class=\"elementor-text-editor elementor-clearfix\"><p style=\"color: #2d363f; font-family: Montserrat, sans-serif;\">En nuestro centro de peluquer\u00eda y est\u00e9tica en <b>Zarautz<\/b>, un espacio pensado para que disfrutes cada minuto y salgas con una sensaci\u00f3n renovadora y placentera, te recibiremos <b>Izaskun y Marije, un equipo de profesionales del cabello<\/b> con pasi\u00f3n por nuestra labor y por la atenci\u00f3n a los detalles.<\/p><p style=\"color: #2d363f; font-family: Montserrat, sans-serif;\">En <b>Kide Ileapaindegia<\/b> lo tenemos claro desde hace <b>m\u00e1s de 30 a\u00f1os<\/b>: lo m\u00e1s importante para nosotras es tu bienestar y la salud de tu pelo. Por eso, nos mantenemos en un <b>proceso de evoluci\u00f3n y aprendizaje constante<\/b>, para garantizarte las mejores pr\u00e1cticas, la <b>adaptaci\u00f3n a las tendencias<\/b> y la <b>atenci\u00f3n personalizada<\/b> que est\u00e1s buscando.<\/p><p style=\"color: #2d363f; font-family: Montserrat, sans-serif;\">Volcamos toda nuestra experiencia en cada una de las consultas, tratamientos y servicios. <b>Te asesoramos y acompa\u00f1amos<\/b> en el camino por lograr tu bienestar capilar y lo hacemos siempre con las mejores marcas del mercado.<\/p><p style=\"color: #2d363f; font-family: Montserrat, sans-serif;\"><b>Nuestra gama de productos de cuidado del cabello responde a la mejor calidad<\/b> y han sido <b>ideados por expertos que respetan tanto como nosotras tu salud capilar<\/b>, el cuidado de tu piel y las t\u00e9cnicas m\u00e1s innovadoras en seguridad medioambiental.<\/p><p style=\"color: #2d363f; font-family: Montserrat, sans-serif;\">Tras m\u00e1s de 30 a\u00f1os de andadura, confirmamos a diario que <b>lo que m\u00e1s nos motiva para mejorar es tu confianza<\/b> y la de cada una de las personas que entran en Kide Ileapaindegia y vuelven a casa con la indudable sensaci\u00f3n de confort, belleza y bienestar.<\/p><\/div>\n\t\t\t\t<\/div>\n\t\t\t\t<\/div>\n\t\t\t\t\t<\/div>\n\t\t<\/div>\n\t\t\t\t\t\t\t<\/div>\n\t\t<\/section>\n\t\t\t\t<section class=\"elementor-section elementor-top-section elementor-element elementor-element-52f3cf9 elementor-section-boxed elementor-section-height-default elementor-section-height-default\" data-id=\"52f3cf9\" data-element_type=\"section\">\n\t\t\t\t\t\t<div class=\"elementor-container elementor-column-gap-default\">\n\t\t\t\t\t<div class=\"elementor-column elementor-col-100 elementor-top-column elementor-element elementor-element-2a55e66\" data-id=\"2a55e66\" data-element_type=\"column\">\n\t\t\t<div class=\"elementor-widget-wrap elementor-element-populated\">\n\t\t\t\t\t\t\t\t<div class=\"elementor-element elementor-element-941ed3e elementor--h-position-center elementor--v-position-middle elementor-arrows-position-inside elementor-pagination-position-inside elementor-widget elementor-widget-slides\" data-id=\"941ed3e\" data-element_type=\"widget\" data-settings=\"{&quot;transition_speed&quot;:400,&quot;navigation&quot;:&quot;both&quot;,&quot;autoplay&quot;:&quot;yes&quot;,&quot;pause_on_hover&quot;:&quot;yes&quot;,&quot;pause_on_interaction&quot;:&quot;yes&quot;,&quot;autoplay_speed&quot;:5000,&quot;infinite&quot;:&quot;yes&quot;,&quot;transition&quot;:&quot;slide&quot;}\" data-widget_type=\"slides.default\">\n\t\t\t\t<div class=\"elementor-widget-container\">\n\t\t\t\t\t<div class=\"elementor-swiper\">\n\t\t\t<div class=\"elementor-slides-wrapper elementor-main-swiper swiper-container\" dir=\"ltr\" data-animation=\"fadeInUp\">\n\t\t\t\t<div class=\"swiper-wrapper elementor-slides\">\n\t\t\t\t\t<div class=\"elementor-repeater-item-743f339 swiper-slide\"><div class=\"swiper-slide-bg\"><\/div><div class=\"swiper-slide-inner\" ><div class=\"swiper-slide-contents\"><\/div><\/div><\/div><div class=\"elementor-repeater-item-1dac8df swiper-slide\"><div class=\"swiper-slide-bg\"><\/div><div class=\"swiper-slide-inner\" ><div class=\"swiper-slide-contents\"><\/div><\/div><\/div><div class=\"elementor-repeater-item-879c37d swiper-slide\"><div class=\"swiper-slide-bg\"><\/div><div class=\"swiper-slide-inner\" ><div class=\"swiper-slide-contents\"><\/div><\/div><\/div>\t\t\t\t<\/div>\n\t\t\t\t\t\t\t\t\t\t\t\t\t\t\t<div class=\"swiper-pagination\"><\/div>\n\t\t\t\t\t\t\t\t\t\t\t\t\t\t\t\t<div class=\"elementor-swiper-button elementor-swiper-button-prev\">\n\t\t\t\t\t\t\t<i class=\"eicon-chevron-left\" aria-hidden=\"true\"><\/i>\n\t\t\t\t\t\t\t<span class=\"elementor-screen-only\">Previous<\/span>\n\t\t\t\t\t\t<\/div>\n\t\t\t\t\t\t<div class=\"elementor-swiper-button elementor-swiper-button-next\">\n\t\t\t\t\t\t\t<i class=\"eicon-chevron-right\" aria-hidden=\"true\"><\/i>\n\t\t\t\t\t\t\t<span class=\"elementor-screen-only\">Next<\/span>\n\t\t\t\t\t\t<\/div>\n\t\t\t\t\t\t\t\t\t\t\t\t<\/div>\n\t\t<\/div>\n\t\t\t\t<\/div>\n\t\t\t\t<\/div>\n\t\t\t\t\t<\/div>\n\t\t<\/div>\n\t\t\t\t\t\t\t<\/div>\n\t\t<\/section>\n\t\t\t\t<section class=\"elementor-section elementor-top-section elementor-element elementor-element-546f447 elementor-section-boxed elementor-section-height-default elementor-section-height-default\" data-id=\"546f447\" data-element_type=\"section\" data-settings=\"{&quot;background_background&quot;:&quot;gradient&quot;}\">\n\t\t\t\t\t\t<div class=\"elementor-container elementor-column-gap-default\">\n\t\t\t\t\t<div class=\"elementor-column elementor-col-50 elementor-top-column elementor-element elementor-element-f50fe9b\" data-id=\"f50fe9b\" data-element_type=\"column\">\n\t\t\t<div class=\"elementor-widget-wrap elementor-element-populated\">\n\t\t\t\t\t\t\t\t<div class=\"elementor-element elementor-element-dd435af elementor-widget elementor-widget-heading\" data-id=\"dd435af\" data-element_type=\"widget\" data-widget_type=\"heading.default\">\n\t\t\t\t<div class=\"elementor-widget-container\">\n\t\t\t<h2 class=\"elementor-heading-title elementor-size-default\">Vis\u00edtanos <br>en Zarautz<\/h2>\t\t<\/div>\n\t\t\t\t<\/div>\n\t\t\t\t\t<\/div>\n\t\t<\/div>\n\t\t\t\t<div class=\"elementor-column elementor-col-50 elementor-top-column elementor-element elementor-element-de23498\" data-id=\"de23498\" data-element_type=\"column\" data-settings=\"{&quot;background_background&quot;:&quot;classic&quot;}\">\n\t\t\t<div class=\"elementor-widget-wrap elementor-element-populated\">\n\t\t\t\t\t\t\t\t<div class=\"elementor-element elementor-element-a798677 elementor-widget elementor-widget-text-editor\" data-id=\"a798677\" data-element_type=\"widget\" data-widget_type=\"text-editor.default\">\n\t\t\t\t<div class=\"elementor-widget-container\">\n\t\t\t\t\t<div class=\"elementor-text-editor elementor-clearfix\"><p>Contamos con un <strong>sal\u00f3n de peluquer\u00eda y est\u00e9tica de primer nivel en Zarautz<\/strong>, un espacio creado <strong>para cuidar de tu cabello, al mismo tiempo que disfrutas de una experiencia de bienestar personal<\/strong> de lo m\u00e1s placentera.<\/p>\n<p>En tu visita a Kide Ileapaindegia encontrar\u00e1s una <strong>zona de peluquer\u00eda y est\u00e9tica<\/strong> y un <strong>\u00e1rea m\u00e1s privada, destinada a la extracci\u00f3n de cabello y el an\u00e1lisis de tu salud capilar<\/strong> <strong>y a los tratamientos est\u00e9ticos<\/strong> m\u00e1s personales.<\/p><\/div>\n\t\t\t\t<\/div>\n\t\t\t\t<\/div>\n\t\t\t\t<div class=\"elementor-element elementor-element-bf93247 elementor-widget elementor-widget-text-editor\" data-id=\"bf93247\" data-element_type=\"widget\" data-widget_type=\"text-editor.default\">\n\t\t\t\t<div class=\"elementor-widget-container\">\n\t\t\t\t\t<div class=\"elementor-text-editor elementor-clearfix\"><p><span style=\"letter-spacing: 0px; background-color: rgba(255, 255, 255, 0);\">\u00a1Ven a disfrutar de un espacio de bienestar capilar y personal en Zarautz!<\/span><\/p><\/div>\n\t\t\t\t<\/div>\n\t\t\t\t<\/div>\n\t\t\t\t<div class=\"elementor-element elementor-element-baf2c7e elementor-align-left elementor-tablet-align-left elementor-widget elementor-widget-button\" data-id=\"baf2c7e\" data-element_type=\"widget\" data-widget_type=\"button.default\">\n\t\t\t\t<div class=\"elementor-widget-container\">\n\t\t\t\t\t<div class=\"elementor-button-wrapper\">\n\t\t\t<a href=\"https:\/\/www.kideileapaindegia.com\/contacto\/\" class=\"elementor-button-link elementor-button elementor-size-sm\" role=\"button\">\n\t\t\t\t\t\t<span class=\"elementor-button-content-wrapper\">\n\t\t\t\t\t\t<span class=\"elementor-button-text\">\u00bfQuieres pedir tu cita en Kide?<\/span>\n\t\t<\/span>\n\t\t\t\t\t<\/a>\n\t\t<\/div>\n\t\t\t\t<\/div>\n\t\t\t\t<\/div>\n\t\t\t\t\t<\/div>\n\t\t<\/div>\n\t\t\t\t\t\t\t<\/div>\n\t\t<\/section>\n\t\t\t\t<section class=\"elementor-section elementor-top-section elementor-element elementor-element-9c76d62 elementor-section-boxed elementor-section-height-default elementor-section-height-default\" data-id=\"9c76d62\" data-element_type=\"section\">\n\t\t\t\t\t\t<div class=\"elementor-container elementor-column-gap-default\">\n\t\t\t\t\t<div class=\"elementor-column elementor-col-100 elementor-top-column elementor-element elementor-element-4c9a3ff\" data-id=\"4c9a3ff\" data-element_type=\"column\">\n\t\t\t<div class=\"elementor-widget-wrap elementor-element-populated\">\n\t\t\t\t\t\t\t\t<div class=\"elementor-element elementor-element-357d2fc elementor-widget elementor-widget-image\" data-id=\"357d2fc\" data-element_type=\"widget\" data-widget_type=\"image.default\">\n\t\t\t\t<div class=\"elementor-widget-container\">\n\t\t\t\t\t<div class=\"elementor-image\">\n\t\t\t\t\t\t\t\t\t\t<img loading=\"lazy\" decoding=\"async\" width=\"1700\" height=\"774\" src=\"https:\/\/www.kideileapaindegia.com\/wp-content\/uploads\/2021\/03\/Kide_ileapaindegia_equipo_peluqueria_zarautz.jpg\" class=\"attachment-full size-full\" alt=\"Nuestro equipo - Kide Ileapaindegia\" srcset=\"https:\/\/www.kideileapaindegia.com\/wp-content\/uploads\/2021\/03\/Kide_ileapaindegia_equipo_peluqueria_zarautz.jpg 1700w, https:\/\/www.kideileapaindegia.com\/wp-content\/uploads\/2021\/03\/Kide_ileapaindegia_equipo_peluqueria_zarautz-300x137.jpg 300w, https:\/\/www.kideileapaindegia.com\/wp-content\/uploads\/2021\/03\/Kide_ileapaindegia_equipo_peluqueria_zarautz-1024x466.jpg 1024w, https:\/\/www.kideileapaindegia.com\/wp-content\/uploads\/2021\/03\/Kide_ileapaindegia_equipo_peluqueria_zarautz-768x350.jpg 768w, https:\/\/www.kideileapaindegia.com\/wp-content\/uploads\/2021\/03\/Kide_ileapaindegia_equipo_peluqueria_zarautz-1536x699.jpg 1536w, https:\/\/www.kideileapaindegia.com\/wp-content\/uploads\/2021\/03\/Kide_ileapaindegia_equipo_peluqueria_zarautz-600x273.jpg 600w\" sizes=\"auto, (max-width: 1700px) 100vw, 1700px\" \/>\t\t\t\t\t\t\t\t\t\t\t<\/div>\n\t\t\t\t<\/div>\n\t\t\t\t<\/div>\n\t\t\t\t\t<\/div>\n\t\t<\/div>\n\t\t\t\t\t\t\t<\/div>\n\t\t<\/section>\n\t\t\t\t<section class=\"elementor-section elementor-top-section elementor-element elementor-element-b8b1c08 elementor-section-full_width elementor-section-height-default elementor-section-height-default\" data-id=\"b8b1c08\" data-element_type=\"section\">\n\t\t\t\t\t\t<div class=\"elementor-container elementor-column-gap-default\">\n\t\t\t\t\t<div class=\"elementor-column elementor-col-100 elementor-top-column elementor-element elementor-element-666ce6d\" data-id=\"666ce6d\" data-element_type=\"column\">\n\t\t\t<div class=\"elementor-widget-wrap elementor-element-populated\">\n\t\t\t\t\t\t\t\t<div class=\"elementor-element elementor-element-96e02e9 elementor-widget-divider--view-line elementor-widget elementor-widget-divider\" data-id=\"96e02e9\" data-element_type=\"widget\" data-widget_type=\"divider.default\">\n\t\t\t\t<div class=\"elementor-widget-container\">\n\t\t\t\t\t<div class=\"elementor-divider\">\n\t\t\t<span class=\"elementor-divider-separator\">\n\t\t\t\t\t\t<\/span>\n\t\t<\/div>\n\t\t\t\t<\/div>\n\t\t\t\t<\/div>\n\t\t\t\t\t<\/div>\n\t\t<\/div>\n\t\t\t\t\t\t\t<\/div>\n\t\t<\/section>\n\t\t\t\t\t\t<\/div>\n\t\t\t\t\t<\/div>\n\t\t","protected":false},"excerpt":{"rendered":"<p>Experiencia y confianza en Zarautz En nuestro centro de peluquer\u00eda y est\u00e9tica en Zarautz, un espacio pensado para que disfrutes cada minuto y salgas con una sensaci\u00f3n renovadora y placentera, te recibiremos Izaskun y Marije, un equipo de profesionales del cabello con pasi\u00f3n por nuestra labor y por la atenci\u00f3n a los detalles. En Kide [&hellip;]<\/p>\n","protected":false},"author":1,"featured_media":1028,"parent":0,"menu_order":0,"comment_status":"closed","ping_status":"closed","template":"elementor_header_footer","meta":{"footnotes":""},"class_list":["post-682","page","type-page","status-publish","has-post-thumbnail","hentry"],"yoast_head":"<!-- This site is optimized with the Yoast SEO plugin v16.4 - https:\/\/yoast.com\/wordpress\/plugins\/seo\/ -->\n<title>Un equipo de profesionales del cabello en Zarautz | Kide Ileapaindegia<\/title>\n<meta name=\"description\" content=\"En Kide llevamos m\u00e1s de 30 a\u00f1os cuidando de tu pelo desde nuestra peluquer\u00eda en Zarautz. Trato cercano y productos de calidad. Ven y disfruta de tu momento.\" \/>\n<meta name=\"robots\" content=\"index, follow, max-snippet:-1, max-image-preview:large, max-video-preview:-1\" \/>\n<link rel=\"canonical\" href=\"https:\/\/www.kideileapaindegia.com\/es\/equipo\/\" \/>\n<meta property=\"og:locale\" content=\"es_ES\" \/>\n<meta property=\"og:type\" content=\"article\" \/>\n<meta property=\"og:title\" content=\"Un equipo de profesionales del cabello en Zarautz | Kide Ileapaindegia\" \/>\n<meta property=\"og:description\" content=\"En Kide llevamos m\u00e1s de 30 a\u00f1os cuidando de tu pelo desde nuestra peluquer\u00eda en Zarautz. Trato cercano y productos de calidad. Ven y disfruta de tu momento.\" \/>\n<meta property=\"og:url\" content=\"https:\/\/www.kideileapaindegia.com\/es\/equipo\/\" \/>\n<meta property=\"og:site_name\" content=\"Kide Ileapaindegia\" \/>\n<meta property=\"article:modified_time\" content=\"2021-06-07T08:53:44+00:00\" \/>\n<meta property=\"og:image\" content=\"https:\/\/www.kideileapaindegia.com\/wp-content\/uploads\/2021\/03\/Kide_ileapaindegia_equipo_experiencia_confianza_3.jpg\" \/>\n\t<meta property=\"og:image:width\" content=\"1400\" \/>\n\t<meta property=\"og:image:height\" content=\"599\" \/>\n<meta name=\"twitter:card\" content=\"summary_large_image\" \/>\n<meta name=\"twitter:label1\" content=\"Tiempo de lectura\" \/>\n\t<meta name=\"twitter:data1\" content=\"2 minutos\" \/>\n<script type=\"application\/ld+json\" class=\"yoast-schema-graph\">{\"@context\":\"https:\/\/schema.org\",\"@graph\":[{\"@type\":\"WebSite\",\"@id\":\"https:\/\/www.kideileapaindegia.com\/es\/#website\",\"url\":\"https:\/\/www.kideileapaindegia.com\/es\/\",\"name\":\"Kide Ileapaindegia\",\"description\":\"Otro sitio realizado con WordPress\",\"potentialAction\":[{\"@type\":\"SearchAction\",\"target\":\"https:\/\/www.kideileapaindegia.com\/es\/?s={search_term_string}\",\"query-input\":\"required name=search_term_string\"}],\"inLanguage\":\"es\"},{\"@type\":\"ImageObject\",\"@id\":\"https:\/\/www.kideileapaindegia.com\/es\/equipo\/#primaryimage\",\"inLanguage\":\"es\",\"url\":\"https:\/\/www.kideileapaindegia.com\/wp-content\/uploads\/2021\/03\/Kide_ileapaindegia_equipo_experiencia_confianza_3.jpg\",\"contentUrl\":\"https:\/\/www.kideileapaindegia.com\/wp-content\/uploads\/2021\/03\/Kide_ileapaindegia_equipo_experiencia_confianza_3.jpg\",\"width\":1400,\"height\":599,\"caption\":\"Experiencia y confianza - Kide Ileapaindegia\"},{\"@type\":\"WebPage\",\"@id\":\"https:\/\/www.kideileapaindegia.com\/es\/equipo\/#webpage\",\"url\":\"https:\/\/www.kideileapaindegia.com\/es\/equipo\/\",\"name\":\"Un equipo de profesionales del cabello en Zarautz | Kide Ileapaindegia\",\"isPartOf\":{\"@id\":\"https:\/\/www.kideileapaindegia.com\/es\/#website\"},\"primaryImageOfPage\":{\"@id\":\"https:\/\/www.kideileapaindegia.com\/es\/equipo\/#primaryimage\"},\"datePublished\":\"2021-03-22T14:53:56+00:00\",\"dateModified\":\"2021-06-07T08:53:44+00:00\",\"description\":\"En Kide llevamos m\\u00e1s de 30 a\\u00f1os cuidando de tu pelo desde nuestra peluquer\\u00eda en Zarautz. Trato cercano y productos de calidad. Ven y disfruta de tu momento.\",\"breadcrumb\":{\"@id\":\"https:\/\/www.kideileapaindegia.com\/es\/equipo\/#breadcrumb\"},\"inLanguage\":\"es\",\"potentialAction\":[{\"@type\":\"ReadAction\",\"target\":[\"https:\/\/www.kideileapaindegia.com\/es\/equipo\/\"]}]},{\"@type\":\"BreadcrumbList\",\"@id\":\"https:\/\/www.kideileapaindegia.com\/es\/equipo\/#breadcrumb\",\"itemListElement\":[{\"@type\":\"ListItem\",\"position\":1,\"item\":{\"@type\":\"WebPage\",\"@id\":\"https:\/\/www.kideileapaindegia.com\/es\/\",\"url\":\"https:\/\/www.kideileapaindegia.com\/es\/\",\"name\":\"Portada\"}},{\"@type\":\"ListItem\",\"position\":2,\"item\":{\"@id\":\"https:\/\/www.kideileapaindegia.com\/es\/equipo\/#webpage\"}}]}]}<\/script>\n<!-- \/ Yoast SEO plugin. -->","_links":{"self":[{"href":"https:\/\/www.kideileapaindegia.com\/es\/wp-json\/wp\/v2\/pages\/682","targetHints":{"allow":["GET"]}}],"collection":[{"href":"https:\/\/www.kideileapaindegia.com\/es\/wp-json\/wp\/v2\/pages"}],"about":[{"href":"https:\/\/www.kideileapaindegia.com\/es\/wp-json\/wp\/v2\/types\/page"}],"author":[{"embeddable":true,"href":"https:\/\/www.kideileapaindegia.com\/es\/wp-json\/wp\/v2\/users\/1"}],"replies":[{"embeddable":true,"href":"https:\/\/www.kideileapaindegia.com\/es\/wp-json\/wp\/v2\/comments?post=682"}],"version-history":[{"count":95,"href":"https:\/\/www.kideileapaindegia.com\/es\/wp-json\/wp\/v2\/pages\/682\/revisions"}],"predecessor-version":[{"id":2130,"href":"https:\/\/www.kideileapaindegia.com\/es\/wp-json\/wp\/v2\/pages\/682\/revisions\/2130"}],"wp:featuredmedia":[{"embeddable":true,"href":"https:\/\/www.kideileapaindegia.com\/es\/wp-json\/wp\/v2\/media\/1028"}],"wp:attachment":[{"href":"https:\/\/www.kideileapaindegia.com\/es\/wp-json\/wp\/v2\/media?parent=682"}],"curies":[{"name":"wp","href":"https:\/\/api.w.org\/{rel}","templated":true}]}}