{"id":1990,"date":"2021-06-02T14:39:20","date_gmt":"2021-06-02T14:39:20","guid":{"rendered":"https:\/\/www.kideileapaindegia.com\/taldea\/"},"modified":"2021-06-07T08:56:55","modified_gmt":"2021-06-07T08:56:55","slug":"taldea","status":"publish","type":"page","link":"https:\/\/www.kideileapaindegia.com\/eu\/taldea\/","title":{"rendered":"Taldea"},"content":{"rendered":"\t\t<div data-elementor-type=\"wp-post\" data-elementor-id=\"1990\" class=\"elementor elementor-1990 elementor-682\" data-elementor-settings=\"[]\">\n\t\t\t\t\t\t\t<div class=\"elementor-section-wrap\">\n\t\t\t\t\t\t\t<section class=\"elementor-section elementor-top-section elementor-element elementor-element-70e4e82f elementor-section-boxed elementor-section-height-default elementor-section-height-default\" data-id=\"70e4e82f\" data-element_type=\"section\">\n\t\t\t\t\t\t<div class=\"elementor-container elementor-column-gap-no\">\n\t\t\t\t\t<div class=\"elementor-column elementor-col-100 elementor-top-column elementor-element elementor-element-492b923d\" data-id=\"492b923d\" data-element_type=\"column\">\n\t\t\t<div class=\"elementor-widget-wrap elementor-element-populated\">\n\t\t\t\t\t\t\t\t<div class=\"elementor-element elementor-element-345b998 elementor-widget elementor-widget-heading\" data-id=\"345b998\" data-element_type=\"widget\" data-widget_type=\"heading.default\">\n\t\t\t\t<div class=\"elementor-widget-container\">\n\t\t\t<h1 class=\"elementor-heading-title elementor-size-default\">Esperientzia eta konfiantza <br>Zarautzen<\/h1>\t\t<\/div>\n\t\t\t\t<\/div>\n\t\t\t\t<div class=\"elementor-element elementor-element-0388555 elementor-widget elementor-widget-text-editor\" data-id=\"0388555\" data-element_type=\"widget\" data-widget_type=\"text-editor.default\">\n\t\t\t\t<div class=\"elementor-widget-container\">\n\t\t\t\t\t<div class=\"elementor-text-editor elementor-clearfix\"><p style=\"color: #2d363f; font-family: Montserrat, sans-serif;\">Gure <b>Zarauzko<\/b> ile-apaindegi eta estetikako zentroan, minutu oro gozatzeko eta sentsazio berritzaile eta atsegingarriarekin irteteko pentsatutako gunea da. Bertan, <b>Izaskun eta Marije izango dituzu zain, aparteko langile eta profesional taldea<\/b>.<\/p>\n<p style=\"color: #2d363f; font-family: Montserrat, sans-serif;\"><b>Kide Ileapaindegian<\/b>duela <b>30 urte baino gehiagotik<\/b> argi daukagu: guretzat garrantzitsuena zure ongizatea eta ilearen osasuna da. Horregatik, <b>jarduera onenak, joera berriak<\/b> eta <b>arreta pertsonalizatua<\/b> bermatzeko, <b>etengabeko bilakaera- eta ikaskuntza- prozesu<\/b> batean murgilduta gaude.<\/p>\n<p style=\"color: #2d363f; font-family: Montserrat, sans-serif;\">Gure esperientzia guztia kontsulta, tratamendu eta zerbitzu guztietan erakusten dugu. Zure ongizate kapilarra lortzeko trantsizioan <b>zurekin batera izango gaituzu<\/b>, beti ere merkatuko produktu onenak eskura izanik.<\/p>\n<p style=\"color: #2d363f; font-family: Montserrat, sans-serif;\"><b>Ilea zaintzeko erabiltzen ditugun<\/b> <b>produktu-sortak kalitatezkoak<\/b> dira eta gainera, zure ilearen osasuna, azalaren zaintza eta ingurumen-segurtasuneko teknika berritzaileenak errespetatzen dituzten produktuak dira.<\/p>\n<p style=\"color: #2d363f; font-family: Montserrat, sans-serif;\">30 urte baino gehiagoko ibilbidearen ondoren, <b>gure egunerokotasunean hobetzeko gehien motibatzen gaituena zure konfiantza dela baieztatzen dugu<\/b>. Horrez gain, Kide Ileapaindegian sartu eta etxera erosotasunez, edertasunez eta ongizate sentsazioarekin itzultzen diren pertsonen konfiantzak ere indarra ematen digu hobetzen jarraitzeko.<\/p>\n<\/div>\n\t\t\t\t<\/div>\n\t\t\t\t<\/div>\n\t\t\t\t\t<\/div>\n\t\t<\/div>\n\t\t\t\t\t\t\t<\/div>\n\t\t<\/section>\n\t\t\t\t<section class=\"elementor-section elementor-top-section elementor-element elementor-element-52f3cf9 elementor-section-boxed elementor-section-height-default elementor-section-height-default\" data-id=\"52f3cf9\" data-element_type=\"section\">\n\t\t\t\t\t\t<div class=\"elementor-container elementor-column-gap-default\">\n\t\t\t\t\t<div class=\"elementor-column elementor-col-100 elementor-top-column elementor-element elementor-element-2a55e66\" data-id=\"2a55e66\" data-element_type=\"column\">\n\t\t\t<div class=\"elementor-widget-wrap elementor-element-populated\">\n\t\t\t\t\t\t\t\t<div class=\"elementor-element elementor-element-941ed3e elementor--h-position-center elementor--v-position-middle elementor-arrows-position-inside elementor-pagination-position-inside elementor-widget elementor-widget-slides\" data-id=\"941ed3e\" data-element_type=\"widget\" data-settings=\"{&quot;transition_speed&quot;:400,&quot;navigation&quot;:&quot;both&quot;,&quot;autoplay&quot;:&quot;yes&quot;,&quot;pause_on_hover&quot;:&quot;yes&quot;,&quot;pause_on_interaction&quot;:&quot;yes&quot;,&quot;autoplay_speed&quot;:5000,&quot;infinite&quot;:&quot;yes&quot;,&quot;transition&quot;:&quot;slide&quot;}\" data-widget_type=\"slides.default\">\n\t\t\t\t<div class=\"elementor-widget-container\">\n\t\t\t\t\t<div class=\"elementor-swiper\">\n\t\t\t<div class=\"elementor-slides-wrapper elementor-main-swiper swiper-container\" dir=\"ltr\" data-animation=\"fadeInUp\">\n\t\t\t\t<div class=\"swiper-wrapper elementor-slides\">\n\t\t\t\t\t<div class=\"elementor-repeater-item-743f339 swiper-slide\"><div class=\"swiper-slide-bg\"><\/div><div class=\"swiper-slide-inner\" ><div class=\"swiper-slide-contents\"><\/div><\/div><\/div><div class=\"elementor-repeater-item-1dac8df swiper-slide\"><div class=\"swiper-slide-bg\"><\/div><div class=\"swiper-slide-inner\" ><div class=\"swiper-slide-contents\"><\/div><\/div><\/div><div class=\"elementor-repeater-item-879c37d swiper-slide\"><div class=\"swiper-slide-bg\"><\/div><div class=\"swiper-slide-inner\" ><div class=\"swiper-slide-contents\"><\/div><\/div><\/div>\t\t\t\t<\/div>\n\t\t\t\t\t\t\t\t\t\t\t\t\t\t\t<div class=\"swiper-pagination\"><\/div>\n\t\t\t\t\t\t\t\t\t\t\t\t\t\t\t\t<div class=\"elementor-swiper-button elementor-swiper-button-prev\">\n\t\t\t\t\t\t\t<i class=\"eicon-chevron-left\" aria-hidden=\"true\"><\/i>\n\t\t\t\t\t\t\t<span class=\"elementor-screen-only\">Previous<\/span>\n\t\t\t\t\t\t<\/div>\n\t\t\t\t\t\t<div class=\"elementor-swiper-button elementor-swiper-button-next\">\n\t\t\t\t\t\t\t<i class=\"eicon-chevron-right\" aria-hidden=\"true\"><\/i>\n\t\t\t\t\t\t\t<span class=\"elementor-screen-only\">Next<\/span>\n\t\t\t\t\t\t<\/div>\n\t\t\t\t\t\t\t\t\t\t\t\t<\/div>\n\t\t<\/div>\n\t\t\t\t<\/div>\n\t\t\t\t<\/div>\n\t\t\t\t\t<\/div>\n\t\t<\/div>\n\t\t\t\t\t\t\t<\/div>\n\t\t<\/section>\n\t\t\t\t<section class=\"elementor-section elementor-top-section elementor-element elementor-element-546f447 elementor-section-boxed elementor-section-height-default elementor-section-height-default\" data-id=\"546f447\" data-element_type=\"section\" data-settings=\"{&quot;background_background&quot;:&quot;gradient&quot;}\">\n\t\t\t\t\t\t<div class=\"elementor-container elementor-column-gap-default\">\n\t\t\t\t\t<div class=\"elementor-column elementor-col-50 elementor-top-column elementor-element elementor-element-f50fe9b\" data-id=\"f50fe9b\" data-element_type=\"column\">\n\t\t\t<div class=\"elementor-widget-wrap elementor-element-populated\">\n\t\t\t\t\t\t\t\t<div class=\"elementor-element elementor-element-dd435af elementor-widget elementor-widget-heading\" data-id=\"dd435af\" data-element_type=\"widget\" data-widget_type=\"heading.default\">\n\t\t\t\t<div class=\"elementor-widget-container\">\n\t\t\t<h2 class=\"elementor-heading-title elementor-size-default\">Bisita gaitzazu <br>Zarautzen<\/h2>\t\t<\/div>\n\t\t\t\t<\/div>\n\t\t\t\t\t<\/div>\n\t\t<\/div>\n\t\t\t\t<div class=\"elementor-column elementor-col-50 elementor-top-column elementor-element elementor-element-de23498\" data-id=\"de23498\" data-element_type=\"column\" data-settings=\"{&quot;background_background&quot;:&quot;classic&quot;}\">\n\t\t\t<div class=\"elementor-widget-wrap elementor-element-populated\">\n\t\t\t\t\t\t\t\t<div class=\"elementor-element elementor-element-a798677 elementor-widget elementor-widget-text-editor\" data-id=\"a798677\" data-element_type=\"widget\" data-widget_type=\"text-editor.default\">\n\t\t\t\t<div class=\"elementor-widget-container\">\n\t\t\t\t\t<div class=\"elementor-text-editor elementor-clearfix\"><p><strong>Zarautzen lehen mailako ile-apainketako eta estetikako gune bat dugu, zure ilea zaintzeko<\/strong> eta, aldi berean, <strong>ongizate pertsonaleko esperientzia atsegin bat bizitzeko espazio bat<\/strong>.<\/p>\n<p>Kide Ileapaindegian <strong>ile-apaindegia eta estetikako gune<\/strong> bat izateaz gain, <strong>ile-erauzketa eta ilearen osasuna eta tratamendu estetiko pertsonalenak<\/strong> <strong>aztertzeko eremu pribatuago bat ere baita<\/strong>.<\/p>\n<\/div>\n\t\t\t\t<\/div>\n\t\t\t\t<\/div>\n\t\t\t\t<div class=\"elementor-element elementor-element-bf93247 elementor-widget elementor-widget-text-editor\" data-id=\"bf93247\" data-element_type=\"widget\" data-widget_type=\"text-editor.default\">\n\t\t\t\t<div class=\"elementor-widget-container\">\n\t\t\t\t\t<div class=\"elementor-text-editor elementor-clearfix\"><p><span style=\"letter-spacing: 0px; background-color: rgba(255, 255, 255, 0);\">Zatoz ilearen eta norberaren ongizateaz gozatzera!<\/span><\/p>\n<\/div>\n\t\t\t\t<\/div>\n\t\t\t\t<\/div>\n\t\t\t\t<div class=\"elementor-element elementor-element-baf2c7e elementor-align-left elementor-tablet-align-left elementor-widget elementor-widget-button\" data-id=\"baf2c7e\" data-element_type=\"widget\" data-widget_type=\"button.default\">\n\t\t\t\t<div class=\"elementor-widget-container\">\n\t\t\t\t\t<div class=\"elementor-button-wrapper\">\n\t\t\t<a href=\"https:\/\/www.kideileapaindegia.com\/eu\/kontaktua\/\" class=\"elementor-button-link elementor-button elementor-size-sm\" role=\"button\">\n\t\t\t\t\t\t<span class=\"elementor-button-content-wrapper\">\n\t\t\t\t\t\t<span class=\"elementor-button-text\">Eskatu zure hitzordua Kiden<\/span>\n\t\t<\/span>\n\t\t\t\t\t<\/a>\n\t\t<\/div>\n\t\t\t\t<\/div>\n\t\t\t\t<\/div>\n\t\t\t\t\t<\/div>\n\t\t<\/div>\n\t\t\t\t\t\t\t<\/div>\n\t\t<\/section>\n\t\t\t\t<section class=\"elementor-section elementor-top-section elementor-element elementor-element-9c76d62 elementor-section-boxed elementor-section-height-default elementor-section-height-default\" data-id=\"9c76d62\" data-element_type=\"section\">\n\t\t\t\t\t\t<div class=\"elementor-container elementor-column-gap-default\">\n\t\t\t\t\t<div class=\"elementor-column elementor-col-100 elementor-top-column elementor-element elementor-element-4c9a3ff\" data-id=\"4c9a3ff\" data-element_type=\"column\">\n\t\t\t<div class=\"elementor-widget-wrap elementor-element-populated\">\n\t\t\t\t\t\t\t\t<div class=\"elementor-element elementor-element-357d2fc elementor-widget elementor-widget-image\" data-id=\"357d2fc\" data-element_type=\"widget\" data-widget_type=\"image.default\">\n\t\t\t\t<div class=\"elementor-widget-container\">\n\t\t\t\t\t<div class=\"elementor-image\">\n\t\t\t\t\t\t\t\t\t\t<img loading=\"lazy\" decoding=\"async\" width=\"1700\" height=\"774\" src=\"https:\/\/www.kideileapaindegia.com\/wp-content\/uploads\/2021\/03\/Kide_ileapaindegia_equipo_peluqueria_zarautz.jpg\" class=\"attachment-full size-full\" alt=\"Nuestro equipo - Kide Ileapaindegia\" srcset=\"https:\/\/www.kideileapaindegia.com\/wp-content\/uploads\/2021\/03\/Kide_ileapaindegia_equipo_peluqueria_zarautz.jpg 1700w, https:\/\/www.kideileapaindegia.com\/wp-content\/uploads\/2021\/03\/Kide_ileapaindegia_equipo_peluqueria_zarautz-300x137.jpg 300w, https:\/\/www.kideileapaindegia.com\/wp-content\/uploads\/2021\/03\/Kide_ileapaindegia_equipo_peluqueria_zarautz-1024x466.jpg 1024w, https:\/\/www.kideileapaindegia.com\/wp-content\/uploads\/2021\/03\/Kide_ileapaindegia_equipo_peluqueria_zarautz-768x350.jpg 768w, https:\/\/www.kideileapaindegia.com\/wp-content\/uploads\/2021\/03\/Kide_ileapaindegia_equipo_peluqueria_zarautz-1536x699.jpg 1536w, https:\/\/www.kideileapaindegia.com\/wp-content\/uploads\/2021\/03\/Kide_ileapaindegia_equipo_peluqueria_zarautz-600x273.jpg 600w\" sizes=\"auto, (max-width: 1700px) 100vw, 1700px\" \/>\t\t\t\t\t\t\t\t\t\t\t<\/div>\n\t\t\t\t<\/div>\n\t\t\t\t<\/div>\n\t\t\t\t\t<\/div>\n\t\t<\/div>\n\t\t\t\t\t\t\t<\/div>\n\t\t<\/section>\n\t\t\t\t<section class=\"elementor-section elementor-top-section elementor-element elementor-element-b8b1c08 elementor-section-full_width elementor-section-height-default elementor-section-height-default\" data-id=\"b8b1c08\" data-element_type=\"section\">\n\t\t\t\t\t\t<div class=\"elementor-container elementor-column-gap-default\">\n\t\t\t\t\t<div class=\"elementor-column elementor-col-100 elementor-top-column elementor-element elementor-element-666ce6d\" data-id=\"666ce6d\" data-element_type=\"column\">\n\t\t\t<div class=\"elementor-widget-wrap elementor-element-populated\">\n\t\t\t\t\t\t\t\t<div class=\"elementor-element elementor-element-96e02e9 elementor-widget-divider--view-line elementor-widget elementor-widget-divider\" data-id=\"96e02e9\" data-element_type=\"widget\" data-widget_type=\"divider.default\">\n\t\t\t\t<div class=\"elementor-widget-container\">\n\t\t\t\t\t<div class=\"elementor-divider\">\n\t\t\t<span class=\"elementor-divider-separator\">\n\t\t\t\t\t\t<\/span>\n\t\t<\/div>\n\t\t\t\t<\/div>\n\t\t\t\t<\/div>\n\t\t\t\t\t<\/div>\n\t\t<\/div>\n\t\t\t\t\t\t\t<\/div>\n\t\t<\/section>\n\t\t\t\t\t\t<\/div>\n\t\t\t\t\t<\/div>\n\t\t","protected":false},"excerpt":{"rendered":"<p>Esperientzia eta konfiantza Zarautzen Gure Zarauzko ile-apaindegi eta estetikako zentroan, minutu oro gozatzeko eta sentsazio berritzaile eta atsegingarriarekin irteteko pentsatutako gunea da. Bertan, Izaskun eta Marije izango dituzu zain, aparteko langile eta profesional taldea. Kide Ileapaindegianduela 30 urte baino gehiagotik argi daukagu: guretzat garrantzitsuena zure ongizatea eta ilearen osasuna da. Horregatik, jarduera onenak, joera berriak [&hellip;]<\/p>\n","protected":false},"author":1,"featured_media":1898,"parent":0,"menu_order":0,"comment_status":"closed","ping_status":"closed","template":"elementor_header_footer","meta":{"footnotes":""},"class_list":["post-1990","page","type-page","status-publish","has-post-thumbnail","hentry"],"yoast_head":"<!-- This site is optimized with the Yoast SEO plugin v16.4 - https:\/\/yoast.com\/wordpress\/plugins\/seo\/ -->\n<title>Un equipo de profesionales del cabello en Zarautz | Kide Ileapaindegia<\/title>\n<meta name=\"description\" content=\"En Kide llevamos m\u00e1s de 30 a\u00f1os cuidando de tu pelo desde nuestra peluquer\u00eda en Zarautz. Trato cercano y productos de calidad. Ven y disfruta de tu momento.\" \/>\n<meta name=\"robots\" content=\"index, follow, max-snippet:-1, max-image-preview:large, max-video-preview:-1\" \/>\n<link rel=\"canonical\" href=\"https:\/\/www.kideileapaindegia.com\/eu\/taldea\/\" \/>\n<meta property=\"og:locale\" content=\"eu_ES\" \/>\n<meta property=\"og:type\" content=\"article\" \/>\n<meta property=\"og:title\" content=\"Un equipo de profesionales del cabello en Zarautz | Kide Ileapaindegia\" \/>\n<meta property=\"og:description\" content=\"En Kide llevamos m\u00e1s de 30 a\u00f1os cuidando de tu pelo desde nuestra peluquer\u00eda en Zarautz. Trato cercano y productos de calidad. Ven y disfruta de tu momento.\" \/>\n<meta property=\"og:url\" content=\"https:\/\/www.kideileapaindegia.com\/eu\/taldea\/\" \/>\n<meta property=\"og:site_name\" content=\"Kide Ileapaindegia\" \/>\n<meta property=\"article:modified_time\" content=\"2021-06-07T08:56:55+00:00\" \/>\n<meta property=\"og:image\" content=\"https:\/\/www.kideileapaindegia.com\/wp-content\/uploads\/2021\/03\/Kide_ileapaindegia_equipo_experiencia_confianza_3.jpg\" \/>\n\t<meta property=\"og:image:width\" content=\"1400\" \/>\n\t<meta property=\"og:image:height\" content=\"599\" \/>\n<meta name=\"twitter:card\" content=\"summary_large_image\" \/>\n<meta name=\"twitter:label1\" content=\"Est. reading time\" \/>\n\t<meta name=\"twitter:data1\" content=\"1 minute\" \/>\n<script type=\"application\/ld+json\" class=\"yoast-schema-graph\">{\"@context\":\"https:\/\/schema.org\",\"@graph\":[{\"@type\":\"WebSite\",\"@id\":\"https:\/\/www.kideileapaindegia.com\/eu\/#website\",\"url\":\"https:\/\/www.kideileapaindegia.com\/eu\/\",\"name\":\"Kide Ileapaindegia\",\"description\":\"Otro sitio realizado con WordPress\",\"potentialAction\":[{\"@type\":\"SearchAction\",\"target\":\"https:\/\/www.kideileapaindegia.com\/eu\/?s={search_term_string}\",\"query-input\":\"required name=search_term_string\"}],\"inLanguage\":\"eu-ES\"},{\"@type\":\"ImageObject\",\"@id\":\"https:\/\/www.kideileapaindegia.com\/eu\/taldea\/#primaryimage\",\"inLanguage\":\"eu-ES\",\"url\":\"https:\/\/www.kideileapaindegia.com\/wp-content\/uploads\/2021\/03\/Kide_ileapaindegia_equipo_experiencia_confianza_3.jpg\",\"contentUrl\":\"https:\/\/www.kideileapaindegia.com\/wp-content\/uploads\/2021\/03\/Kide_ileapaindegia_equipo_experiencia_confianza_3.jpg\",\"width\":1400,\"height\":599,\"caption\":\"Experiencia y confianza - Kide Ileapaindegia\"},{\"@type\":\"WebPage\",\"@id\":\"https:\/\/www.kideileapaindegia.com\/eu\/taldea\/#webpage\",\"url\":\"https:\/\/www.kideileapaindegia.com\/eu\/taldea\/\",\"name\":\"Un equipo de profesionales del cabello en Zarautz | Kide Ileapaindegia\",\"isPartOf\":{\"@id\":\"https:\/\/www.kideileapaindegia.com\/eu\/#website\"},\"primaryImageOfPage\":{\"@id\":\"https:\/\/www.kideileapaindegia.com\/eu\/taldea\/#primaryimage\"},\"datePublished\":\"2021-06-02T14:39:20+00:00\",\"dateModified\":\"2021-06-07T08:56:55+00:00\",\"description\":\"En Kide llevamos m\\u00e1s de 30 a\\u00f1os cuidando de tu pelo desde nuestra peluquer\\u00eda en Zarautz. Trato cercano y productos de calidad. Ven y disfruta de tu momento.\",\"breadcrumb\":{\"@id\":\"https:\/\/www.kideileapaindegia.com\/eu\/taldea\/#breadcrumb\"},\"inLanguage\":\"eu-ES\",\"potentialAction\":[{\"@type\":\"ReadAction\",\"target\":[\"https:\/\/www.kideileapaindegia.com\/eu\/taldea\/\"]}]},{\"@type\":\"BreadcrumbList\",\"@id\":\"https:\/\/www.kideileapaindegia.com\/eu\/taldea\/#breadcrumb\",\"itemListElement\":[{\"@type\":\"ListItem\",\"position\":1,\"item\":{\"@type\":\"WebPage\",\"@id\":\"https:\/\/www.kideileapaindegia.com\/eu\/\",\"url\":\"https:\/\/www.kideileapaindegia.com\/eu\/\",\"name\":\"Portada\"}},{\"@type\":\"ListItem\",\"position\":2,\"item\":{\"@id\":\"https:\/\/www.kideileapaindegia.com\/eu\/taldea\/#webpage\"}}]}]}<\/script>\n<!-- \/ Yoast SEO plugin. -->","_links":{"self":[{"href":"https:\/\/www.kideileapaindegia.com\/eu\/wp-json\/wp\/v2\/pages\/1990","targetHints":{"allow":["GET"]}}],"collection":[{"href":"https:\/\/www.kideileapaindegia.com\/eu\/wp-json\/wp\/v2\/pages"}],"about":[{"href":"https:\/\/www.kideileapaindegia.com\/eu\/wp-json\/wp\/v2\/types\/page"}],"author":[{"embeddable":true,"href":"https:\/\/www.kideileapaindegia.com\/eu\/wp-json\/wp\/v2\/users\/1"}],"replies":[{"embeddable":true,"href":"https:\/\/www.kideileapaindegia.com\/eu\/wp-json\/wp\/v2\/comments?post=1990"}],"version-history":[{"count":10,"href":"https:\/\/www.kideileapaindegia.com\/eu\/wp-json\/wp\/v2\/pages\/1990\/revisions"}],"predecessor-version":[{"id":2133,"href":"https:\/\/www.kideileapaindegia.com\/eu\/wp-json\/wp\/v2\/pages\/1990\/revisions\/2133"}],"wp:featuredmedia":[{"embeddable":true,"href":"https:\/\/www.kideileapaindegia.com\/eu\/wp-json\/wp\/v2\/media\/1898"}],"wp:attachment":[{"href":"https:\/\/www.kideileapaindegia.com\/eu\/wp-json\/wp\/v2\/media?parent=1990"}],"curies":[{"name":"wp","href":"https:\/\/api.w.org\/{rel}","templated":true}]}}