{"id":1998,"date":"2021-06-02T14:43:38","date_gmt":"2021-06-02T14:43:38","guid":{"rendered":"https:\/\/www.kideileapaindegia.com\/erlaxatzeko-momentua\/"},"modified":"2021-06-07T09:03:59","modified_gmt":"2021-06-07T09:03:59","slug":"erlaxatzeko-momentua","status":"publish","type":"page","link":"https:\/\/www.kideileapaindegia.com\/eu\/erlaxatzeko-momentua\/","title":{"rendered":"Erlaxatzeko momentua"},"content":{"rendered":"\t\t<div data-elementor-type=\"wp-post\" data-elementor-id=\"1998\" class=\"elementor elementor-1998 elementor-659\" data-elementor-settings=\"[]\">\n\t\t\t\t\t\t\t<div class=\"elementor-section-wrap\">\n\t\t\t\t\t\t\t<section class=\"elementor-section elementor-top-section elementor-element elementor-element-1f4940b elementor-section-boxed elementor-section-height-default elementor-section-height-default\" data-id=\"1f4940b\" data-element_type=\"section\" data-settings=\"{&quot;background_background&quot;:&quot;gradient&quot;}\">\n\t\t\t\t\t\t<div class=\"elementor-container elementor-column-gap-default\">\n\t\t\t\t\t<div class=\"elementor-column elementor-col-50 elementor-top-column elementor-element elementor-element-9e9650d\" data-id=\"9e9650d\" data-element_type=\"column\">\n\t\t\t<div class=\"elementor-widget-wrap elementor-element-populated\">\n\t\t\t\t\t\t\t\t<div class=\"elementor-element elementor-element-1979ab3 elementor-widget elementor-widget-heading\" data-id=\"1979ab3\" data-element_type=\"widget\" data-widget_type=\"heading.default\">\n\t\t\t\t<div class=\"elementor-widget-container\">\n\t\t\t<h1 class=\"elementor-heading-title elementor-size-default\">Erlaxatzeko momentua<\/h1>\t\t<\/div>\n\t\t\t\t<\/div>\n\t\t\t\t<div class=\"elementor-element elementor-element-dc7b3eb elementor-widget elementor-widget-heading\" data-id=\"dc7b3eb\" data-element_type=\"widget\" data-widget_type=\"heading.default\">\n\t\t\t\t<div class=\"elementor-widget-container\">\n\t\t\t<h3 class=\"elementor-heading-title elementor-size-default\">ILE-APAINDEGI BAT BAINO GEHIAGO<\/h3>\t\t<\/div>\n\t\t\t\t<\/div>\n\t\t\t\t\t<\/div>\n\t\t<\/div>\n\t\t\t\t<div class=\"elementor-column elementor-col-50 elementor-top-column elementor-element elementor-element-2816e1d\" data-id=\"2816e1d\" data-element_type=\"column\" data-settings=\"{&quot;background_background&quot;:&quot;classic&quot;}\">\n\t\t\t<div class=\"elementor-widget-wrap elementor-element-populated\">\n\t\t\t\t\t\t\t\t<div class=\"elementor-element elementor-element-59ed3d5 elementor-widget elementor-widget-text-editor\" data-id=\"59ed3d5\" data-element_type=\"widget\" data-widget_type=\"text-editor.default\">\n\t\t\t\t<div class=\"elementor-widget-container\">\n\t\t\t\t\t<div class=\"elementor-text-editor elementor-clearfix\"><p>Kide Ileapaindegira etortzen zaren bakoitzean berezia sentiaraztea nahi dugu. Gure zentroa zure <strong>zentzumenez gozatzeko<\/strong> pentsatuta dago, hitzordu bakoitza zure <strong>ongizate pertsonalaren une<\/strong> bihur daitezen.<\/p>\n<\/div>\n\t\t\t\t<\/div>\n\t\t\t\t<\/div>\n\t\t\t\t\t<\/div>\n\t\t<\/div>\n\t\t\t\t\t\t\t<\/div>\n\t\t<\/section>\n\t\t\t\t<section class=\"elementor-section elementor-top-section elementor-element elementor-element-46cdf4a elementor-section-boxed elementor-section-height-default elementor-section-height-default\" data-id=\"46cdf4a\" data-element_type=\"section\">\n\t\t\t\t\t\t<div class=\"elementor-container elementor-column-gap-default\">\n\t\t\t\t\t<div class=\"elementor-column elementor-col-100 elementor-top-column elementor-element elementor-element-6d9ddb2\" data-id=\"6d9ddb2\" data-element_type=\"column\">\n\t\t\t<div class=\"elementor-widget-wrap elementor-element-populated\">\n\t\t\t\t\t\t\t\t<div class=\"elementor-element elementor-element-0f5e8a4 elementor-widget elementor-widget-image\" data-id=\"0f5e8a4\" data-element_type=\"widget\" data-widget_type=\"image.default\">\n\t\t\t\t<div class=\"elementor-widget-container\">\n\t\t\t\t\t<div class=\"elementor-image\">\n\t\t\t\t\t\t\t\t\t\t<img loading=\"lazy\" decoding=\"async\" width=\"1700\" height=\"939\" src=\"https:\/\/www.kideileapaindegia.com\/wp-content\/uploads\/2021\/03\/Kide_ileapaindegia_tu_momento_espacio-copia.jpg\" class=\"attachment-full size-full\" alt=\"Tu momento - Kide Ileapaindegia\" srcset=\"https:\/\/www.kideileapaindegia.com\/wp-content\/uploads\/2021\/03\/Kide_ileapaindegia_tu_momento_espacio-copia.jpg 1700w, https:\/\/www.kideileapaindegia.com\/wp-content\/uploads\/2021\/03\/Kide_ileapaindegia_tu_momento_espacio-copia-300x166.jpg 300w, https:\/\/www.kideileapaindegia.com\/wp-content\/uploads\/2021\/03\/Kide_ileapaindegia_tu_momento_espacio-copia-1024x566.jpg 1024w, https:\/\/www.kideileapaindegia.com\/wp-content\/uploads\/2021\/03\/Kide_ileapaindegia_tu_momento_espacio-copia-768x424.jpg 768w, https:\/\/www.kideileapaindegia.com\/wp-content\/uploads\/2021\/03\/Kide_ileapaindegia_tu_momento_espacio-copia-1536x848.jpg 1536w, https:\/\/www.kideileapaindegia.com\/wp-content\/uploads\/2021\/03\/Kide_ileapaindegia_tu_momento_espacio-copia-600x331.jpg 600w\" sizes=\"auto, (max-width: 1700px) 100vw, 1700px\" \/>\t\t\t\t\t\t\t\t\t\t\t<\/div>\n\t\t\t\t<\/div>\n\t\t\t\t<\/div>\n\t\t\t\t<section class=\"elementor-section elementor-inner-section elementor-element elementor-element-2822f89 elementor-section-boxed elementor-section-height-default elementor-section-height-default\" data-id=\"2822f89\" data-element_type=\"section\">\n\t\t\t\t\t\t<div class=\"elementor-container elementor-column-gap-no\">\n\t\t\t\t\t<div class=\"elementor-column elementor-col-100 elementor-inner-column elementor-element elementor-element-57a9cce\" data-id=\"57a9cce\" data-element_type=\"column\">\n\t\t\t<div class=\"elementor-widget-wrap elementor-element-populated\">\n\t\t\t\t\t\t\t\t<div class=\"elementor-element elementor-element-6af3ae2 elementor-widget elementor-widget-heading\" data-id=\"6af3ae2\" data-element_type=\"widget\" data-widget_type=\"heading.default\">\n\t\t\t\t<div class=\"elementor-widget-container\">\n\t\t\t<h2 class=\"elementor-heading-title elementor-size-default\">Esperientzia pertsonalizatua<\/h2>\t\t<\/div>\n\t\t\t\t<\/div>\n\t\t\t\t<div class=\"elementor-element elementor-element-79dc5e8 elementor-widget elementor-widget-text-editor\" data-id=\"79dc5e8\" data-element_type=\"widget\" data-widget_type=\"text-editor.default\">\n\t\t\t\t<div class=\"elementor-widget-container\">\n\t\t\t\t\t<div class=\"elementor-text-editor elementor-clearfix\"><p>Gertutasunez eta konfiantzarekin hitz egitea gustatzen zaigu. Horregatik, Kide Ileapaindegian <strong>zerbitzu, tratamendu eta kontsulta pertsonalizatuak burutzen ditugu<\/strong>.<\/p>\n<p>Arreta pertsonalizatu bat bermatzeko, ilerako tratamendu egokienak aurkitzeko eta etxean bezala sentiarazteko, gure profesionalek talde txikietan egiten dute lan. Horrez gain, zure ilearen ongizatearen ibilbide osoan <strong>aholkatzen eta laguntzen dizugu<\/strong>.<\/p>\n<\/div>\n\t\t\t\t<\/div>\n\t\t\t\t<\/div>\n\t\t\t\t<div class=\"elementor-element elementor-element-9dc4ff1 elementor-align-left elementor-tablet-align-left elementor-widget elementor-widget-button\" data-id=\"9dc4ff1\" data-element_type=\"widget\" data-widget_type=\"button.default\">\n\t\t\t\t<div class=\"elementor-widget-container\">\n\t\t\t\t\t<div class=\"elementor-button-wrapper\">\n\t\t\t<a href=\"https:\/\/www.kideileapaindegia.com\/eu\/taldea\/\" class=\"elementor-button-link elementor-button elementor-size-sm\" role=\"button\">\n\t\t\t\t\t\t<span class=\"elementor-button-content-wrapper\">\n\t\t\t\t\t\t<span class=\"elementor-button-text\">EZAGUTU GURE LANTALDEA<\/span>\n\t\t<\/span>\n\t\t\t\t\t<\/a>\n\t\t<\/div>\n\t\t\t\t<\/div>\n\t\t\t\t<\/div>\n\t\t\t\t\t<\/div>\n\t\t<\/div>\n\t\t\t\t\t\t\t<\/div>\n\t\t<\/section>\n\t\t\t\t\t<\/div>\n\t\t<\/div>\n\t\t\t\t\t\t\t<\/div>\n\t\t<\/section>\n\t\t\t\t<section class=\"elementor-section elementor-top-section elementor-element elementor-element-7732656e elementor-section-content-middle elementor-section-boxed elementor-section-height-default elementor-section-height-default\" data-id=\"7732656e\" data-element_type=\"section\">\n\t\t\t\t\t\t<div class=\"elementor-container elementor-column-gap-no\">\n\t\t\t\t\t<div class=\"elementor-column elementor-col-100 elementor-top-column elementor-element elementor-element-1846b6db\" data-id=\"1846b6db\" data-element_type=\"column\">\n\t\t\t<div class=\"elementor-widget-wrap elementor-element-populated\">\n\t\t\t\t\t\t\t\t<div class=\"elementor-element elementor-element-7ec7b6b elementor-arrows-position-inside elementor-widget elementor-widget-image-carousel\" data-id=\"7ec7b6b\" data-element_type=\"widget\" data-settings=\"{&quot;slides_to_show&quot;:&quot;3&quot;,&quot;slides_to_scroll&quot;:&quot;1&quot;,&quot;navigation&quot;:&quot;arrows&quot;,&quot;image_spacing_custom&quot;:{&quot;unit&quot;:&quot;px&quot;,&quot;size&quot;:11,&quot;sizes&quot;:[]},&quot;autoplay&quot;:&quot;yes&quot;,&quot;pause_on_hover&quot;:&quot;yes&quot;,&quot;pause_on_interaction&quot;:&quot;yes&quot;,&quot;autoplay_speed&quot;:5000,&quot;infinite&quot;:&quot;yes&quot;,&quot;speed&quot;:500}\" data-widget_type=\"image-carousel.default\">\n\t\t\t\t<div class=\"elementor-widget-container\">\n\t\t\t\t\t<div class=\"elementor-image-carousel-wrapper swiper-container\" dir=\"ltr\">\n\t\t\t<div class=\"elementor-image-carousel swiper-wrapper\">\n\t\t\t\t<div class=\"swiper-slide\"><figure class=\"swiper-slide-inner\"><img decoding=\"async\" class=\"swiper-slide-image\" src=\"https:\/\/www.kideileapaindegia.com\/wp-content\/uploads\/2021\/03\/Kide_ileapaindegia_tu_momento_experiencia_personalizada_3.jpg\" alt=\"Experiencia personalizada - Kide Ileapaindegia\" \/><\/figure><\/div><div class=\"swiper-slide\"><figure class=\"swiper-slide-inner\"><img decoding=\"async\" class=\"swiper-slide-image\" src=\"https:\/\/www.kideileapaindegia.com\/wp-content\/uploads\/2021\/03\/Kide_ileapaindegia_tu_momento_experiencia_personalizada_2.jpg\" alt=\"Experiencia personalizada - Kide Ileapaindegia\" \/><\/figure><\/div><div class=\"swiper-slide\"><figure class=\"swiper-slide-inner\"><img decoding=\"async\" class=\"swiper-slide-image\" src=\"https:\/\/www.kideileapaindegia.com\/wp-content\/uploads\/2021\/03\/Kide_ileapaindegia_tu_momento_experiencia_personalizada_1.jpg\" alt=\"Experiencia personalizada - Kide Ileapaindegia\" \/><\/figure><\/div><div class=\"swiper-slide\"><figure class=\"swiper-slide-inner\"><img decoding=\"async\" class=\"swiper-slide-image\" src=\"https:\/\/www.kideileapaindegia.com\/wp-content\/uploads\/2021\/06\/Kide_ileapaindegia_tu_momento_experiencia_personalizada_4.jpg\" alt=\"Tu momento - Experiencia personalizada - Kide Ileapaindegia\" \/><\/figure><\/div>\t\t\t<\/div>\n\t\t\t\t\t\t\t\t\t\t\t\t\t\t\t\t<div class=\"elementor-swiper-button elementor-swiper-button-prev\">\n\t\t\t\t\t\t<i class=\"eicon-chevron-left\" aria-hidden=\"true\"><\/i>\n\t\t\t\t\t\t<span class=\"elementor-screen-only\">Previous<\/span>\n\t\t\t\t\t<\/div>\n\t\t\t\t\t<div class=\"elementor-swiper-button elementor-swiper-button-next\">\n\t\t\t\t\t\t<i class=\"eicon-chevron-right\" aria-hidden=\"true\"><\/i>\n\t\t\t\t\t\t<span class=\"elementor-screen-only\">Next<\/span>\n\t\t\t\t\t<\/div>\n\t\t\t\t\t\t\t\t\t<\/div>\n\t\t\t\t<\/div>\n\t\t\t\t<\/div>\n\t\t\t\t\t<\/div>\n\t\t<\/div>\n\t\t\t\t\t\t\t<\/div>\n\t\t<\/section>\n\t\t\t\t<section class=\"elementor-section elementor-top-section elementor-element elementor-element-5aa93d2 elementor-section-full_width no-background-mobile ambiente-especial elementor-section-height-default elementor-section-height-default\" data-id=\"5aa93d2\" data-element_type=\"section\" data-settings=\"{&quot;background_background&quot;:&quot;classic&quot;}\">\n\t\t\t\t\t\t\t<div class=\"elementor-background-overlay\"><\/div>\n\t\t\t\t\t\t\t<div class=\"elementor-container elementor-column-gap-default\">\n\t\t\t\t\t<div class=\"elementor-column elementor-col-50 elementor-top-column elementor-element elementor-element-ab4e6ce elementor-hidden-tablet\" data-id=\"ab4e6ce\" data-element_type=\"column\" data-settings=\"{&quot;background_background&quot;:&quot;classic&quot;}\">\n\t\t\t<div class=\"elementor-widget-wrap elementor-element-populated\">\n\t\t\t\t\t\t\t\t<div class=\"elementor-element elementor-element-e8d17d5 elementor-hidden-desktop elementor-hidden-tablet elementor-widget elementor-widget-image\" data-id=\"e8d17d5\" data-element_type=\"widget\" data-widget_type=\"image.default\">\n\t\t\t\t<div class=\"elementor-widget-container\">\n\t\t\t\t\t<div class=\"elementor-image\">\n\t\t\t\t\t\t\t\t\t\t<img loading=\"lazy\" decoding=\"async\" width=\"2113\" height=\"1409\" src=\"https:\/\/www.kideileapaindegia.com\/wp-content\/uploads\/2021\/06\/Kide_peluqueria-45.jpg\" class=\"attachment-full size-full\" alt=\"La peluquer\u00eda - Kide Ileapaindegia\" srcset=\"https:\/\/www.kideileapaindegia.com\/wp-content\/uploads\/2021\/06\/Kide_peluqueria-45.jpg 2113w, https:\/\/www.kideileapaindegia.com\/wp-content\/uploads\/2021\/06\/Kide_peluqueria-45-300x200.jpg 300w, https:\/\/www.kideileapaindegia.com\/wp-content\/uploads\/2021\/06\/Kide_peluqueria-45-1024x683.jpg 1024w, https:\/\/www.kideileapaindegia.com\/wp-content\/uploads\/2021\/06\/Kide_peluqueria-45-768x512.jpg 768w, https:\/\/www.kideileapaindegia.com\/wp-content\/uploads\/2021\/06\/Kide_peluqueria-45-1536x1024.jpg 1536w, https:\/\/www.kideileapaindegia.com\/wp-content\/uploads\/2021\/06\/Kide_peluqueria-45-2048x1366.jpg 2048w, https:\/\/www.kideileapaindegia.com\/wp-content\/uploads\/2021\/06\/Kide_peluqueria-45-600x400.jpg 600w\" sizes=\"auto, (max-width: 2113px) 100vw, 2113px\" \/>\t\t\t\t\t\t\t\t\t\t\t<\/div>\n\t\t\t\t<\/div>\n\t\t\t\t<\/div>\n\t\t\t\t\t<\/div>\n\t\t<\/div>\n\t\t\t\t<div class=\"elementor-column elementor-col-50 elementor-top-column elementor-element elementor-element-ad318df columna\" data-id=\"ad318df\" data-element_type=\"column\" data-settings=\"{&quot;background_background&quot;:&quot;classic&quot;}\">\n\t\t\t<div class=\"elementor-widget-wrap elementor-element-populated\">\n\t\t\t\t\t\t\t\t<div class=\"elementor-element elementor-element-83a6c30 elementor-widget__width-initial elementor-widget-tablet__width-inherit elementor-widget elementor-widget-heading\" data-id=\"83a6c30\" data-element_type=\"widget\" data-widget_type=\"heading.default\">\n\t\t\t\t<div class=\"elementor-widget-container\">\n\t\t\t<h2 class=\"elementor-heading-title elementor-size-default\">Giro bereziena<\/h2>\t\t<\/div>\n\t\t\t\t<\/div>\n\t\t\t\t<section class=\"elementor-section elementor-inner-section elementor-element elementor-element-a0f6731 elementor-section-full_width elementor-section-height-default elementor-section-height-default\" data-id=\"a0f6731\" data-element_type=\"section\" data-settings=\"{&quot;background_background&quot;:&quot;classic&quot;}\">\n\t\t\t\t\t\t\t<div class=\"elementor-background-overlay\"><\/div>\n\t\t\t\t\t\t\t<div class=\"elementor-container elementor-column-gap-default\">\n\t\t\t\t\t<div class=\"elementor-column elementor-col-100 elementor-inner-column elementor-element elementor-element-17d7c1b\" data-id=\"17d7c1b\" data-element_type=\"column\">\n\t\t\t<div class=\"elementor-widget-wrap elementor-element-populated\">\n\t\t\t\t\t\t\t\t<div class=\"elementor-element elementor-element-43e2fa5 elementor-widget elementor-widget-jet-services\" data-id=\"43e2fa5\" data-element_type=\"widget\" data-widget_type=\"jet-services.default\">\n\t\t\t\t<div class=\"elementor-widget-container\">\n\t\t\t<div class=\"elementor-jet-services jet-elements\"><div class=\"jet-services jet-services--header-position-top\">\n\t<div class=\"jet-services__inner\">\n\t\t<div class=\"jet-services__header\">\n\t\t\t<div class=\"jet-services__cover\"><\/div>\n\t\t<\/div>\n\t\t<div class=\"jet-services__content\"><p class=\"jet-services__desc\">Ez gara zure ilea zaintzearekin konformatzen;<strong>ilearen osasuna mimatzen<\/strong> edo irudi-aldaketa bat esperimentatzen duzun bitartean, <strong>gure Zarauzko espazioan igarotzen duzun minutu bakoitza gozatzeaz ere nahi dugu<\/strong>. <br>\n\nKide Ileapaindegian xehetasun guztiak hartzen ditugu kontuan zure esperientzia ahalik eta onena izan dadin. <strong>Giro-musika, argi ahula, usain lasaigarriak...<\/strong>Eskura ditugun detaile guztiak zure unea bizi dezazun, zuregan arreta jar dezazun eta harmonian eta ongizatean senti zaitezen jartzen ditugu. <\/p><a class=\"elementor-button elementor-size-md jet-services__button jet-services__button--icon-\" href=\"https:\/\/www.kideileapaindegia.com\/eu\/kontaktua\/\"><span class=\"jet-services__button-text\">Eskatu zure hitzordua eta utziguzu zaintzen<\/span><\/a><\/div>\n\t<\/div>\n<\/div>\n<\/div>\t\t<\/div>\n\t\t\t\t<\/div>\n\t\t\t\t\t<\/div>\n\t\t<\/div>\n\t\t\t\t\t\t\t<\/div>\n\t\t<\/section>\n\t\t\t\t\t<\/div>\n\t\t<\/div>\n\t\t\t\t\t\t\t<\/div>\n\t\t<\/section>\n\t\t\t\t<section class=\"elementor-section elementor-top-section elementor-element elementor-element-7293718 elementor-section-full_width elementor-section-height-default elementor-section-height-default\" data-id=\"7293718\" data-element_type=\"section\">\n\t\t\t\t\t\t<div class=\"elementor-container elementor-column-gap-default\">\n\t\t\t\t\t<div class=\"elementor-column elementor-col-100 elementor-top-column elementor-element elementor-element-7212222\" data-id=\"7212222\" data-element_type=\"column\">\n\t\t\t<div class=\"elementor-widget-wrap elementor-element-populated\">\n\t\t\t\t\t\t\t\t<div class=\"elementor-element elementor-element-910d152 elementor-widget-divider--view-line elementor-widget elementor-widget-divider\" data-id=\"910d152\" data-element_type=\"widget\" data-widget_type=\"divider.default\">\n\t\t\t\t<div class=\"elementor-widget-container\">\n\t\t\t\t\t<div class=\"elementor-divider\">\n\t\t\t<span class=\"elementor-divider-separator\">\n\t\t\t\t\t\t<\/span>\n\t\t<\/div>\n\t\t\t\t<\/div>\n\t\t\t\t<\/div>\n\t\t\t\t\t<\/div>\n\t\t<\/div>\n\t\t\t\t\t\t\t<\/div>\n\t\t<\/section>\n\t\t\t\t\t\t<\/div>\n\t\t\t\t\t<\/div>\n\t\t","protected":false},"excerpt":{"rendered":"<p>Erlaxatzeko momentua ILE-APAINDEGI BAT BAINO GEHIAGO Kide Ileapaindegira etortzen zaren bakoitzean berezia sentiaraztea nahi dugu. Gure zentroa zure zentzumenez gozatzeko pentsatuta dago, hitzordu bakoitza zure ongizate pertsonalaren une bihur daitezen. Esperientzia pertsonalizatua Gertutasunez eta konfiantzarekin hitz egitea gustatzen zaigu. Horregatik, Kide Ileapaindegian zerbitzu, tratamendu eta kontsulta pertsonalizatuak burutzen ditugu. Arreta pertsonalizatu bat bermatzeko, ilerako tratamendu [&hellip;]<\/p>\n","protected":false},"author":1,"featured_media":1906,"parent":0,"menu_order":0,"comment_status":"closed","ping_status":"closed","template":"page-templates\/fullwidth-content.php","meta":{"footnotes":""},"class_list":["post-1998","page","type-page","status-publish","has-post-thumbnail","hentry"],"yoast_head":"<!-- This site is optimized with the Yoast SEO plugin v16.4 - https:\/\/yoast.com\/wordpress\/plugins\/seo\/ -->\n<title>Tu momento Kide: mucho m\u00e1s que ir a la peluquer\u00eda | Kide Ileapaindegia<\/title>\n<meta name=\"description\" content=\"Nuestro centro de peluquer\u00eda de Zarautz est\u00e1 pensado para el disfrute de tus sentidos. Queremos que cada visita sea un momento de bienestar personal. Pide cita y v\u00edvelo.\" \/>\n<meta name=\"robots\" content=\"index, follow, max-snippet:-1, max-image-preview:large, max-video-preview:-1\" \/>\n<link rel=\"canonical\" href=\"https:\/\/www.kideileapaindegia.com\/eu\/erlaxatzeko-momentua\/\" \/>\n<meta property=\"og:locale\" content=\"eu_ES\" \/>\n<meta property=\"og:type\" content=\"article\" \/>\n<meta property=\"og:title\" content=\"Tu momento Kide: mucho m\u00e1s que ir a la peluquer\u00eda | Kide Ileapaindegia\" \/>\n<meta property=\"og:description\" content=\"Nuestro centro de peluquer\u00eda de Zarautz est\u00e1 pensado para el disfrute de tus sentidos. Queremos que cada visita sea un momento de bienestar personal. Pide cita y v\u00edvelo.\" \/>\n<meta property=\"og:url\" content=\"https:\/\/www.kideileapaindegia.com\/eu\/erlaxatzeko-momentua\/\" \/>\n<meta property=\"og:site_name\" content=\"Kide Ileapaindegia\" \/>\n<meta property=\"article:modified_time\" content=\"2021-06-07T09:03:59+00:00\" \/>\n<meta property=\"og:image\" content=\"https:\/\/www.kideileapaindegia.com\/wp-content\/uploads\/2021\/03\/Kide_ileapaindegia_tu_momento_experiencia_personalizada_2_OK.jpg\" \/>\n\t<meta property=\"og:image:width\" content=\"643\" \/>\n\t<meta property=\"og:image:height\" content=\"499\" \/>\n<meta name=\"twitter:card\" content=\"summary_large_image\" \/>\n<meta name=\"twitter:label1\" content=\"Est. reading time\" \/>\n\t<meta name=\"twitter:data1\" content=\"4 minutes\" \/>\n<script type=\"application\/ld+json\" class=\"yoast-schema-graph\">{\"@context\":\"https:\/\/schema.org\",\"@graph\":[{\"@type\":\"WebSite\",\"@id\":\"https:\/\/www.kideileapaindegia.com\/eu\/#website\",\"url\":\"https:\/\/www.kideileapaindegia.com\/eu\/\",\"name\":\"Kide Ileapaindegia\",\"description\":\"Otro sitio realizado con WordPress\",\"potentialAction\":[{\"@type\":\"SearchAction\",\"target\":\"https:\/\/www.kideileapaindegia.com\/eu\/?s={search_term_string}\",\"query-input\":\"required name=search_term_string\"}],\"inLanguage\":\"eu-ES\"},{\"@type\":\"ImageObject\",\"@id\":\"https:\/\/www.kideileapaindegia.com\/eu\/erlaxatzeko-momentua\/#primaryimage\",\"inLanguage\":\"eu-ES\",\"url\":\"https:\/\/www.kideileapaindegia.com\/wp-content\/uploads\/2021\/03\/Kide_ileapaindegia_tu_momento_experiencia_personalizada_2_OK.jpg\",\"contentUrl\":\"https:\/\/www.kideileapaindegia.com\/wp-content\/uploads\/2021\/03\/Kide_ileapaindegia_tu_momento_experiencia_personalizada_2_OK.jpg\",\"width\":643,\"height\":499,\"caption\":\"Experiencia personalizada - Kide Ileapaindegia\"},{\"@type\":\"WebPage\",\"@id\":\"https:\/\/www.kideileapaindegia.com\/eu\/erlaxatzeko-momentua\/#webpage\",\"url\":\"https:\/\/www.kideileapaindegia.com\/eu\/erlaxatzeko-momentua\/\",\"name\":\"Tu momento Kide: mucho m\\u00e1s que ir a la peluquer\\u00eda | Kide Ileapaindegia\",\"isPartOf\":{\"@id\":\"https:\/\/www.kideileapaindegia.com\/eu\/#website\"},\"primaryImageOfPage\":{\"@id\":\"https:\/\/www.kideileapaindegia.com\/eu\/erlaxatzeko-momentua\/#primaryimage\"},\"datePublished\":\"2021-06-02T14:43:38+00:00\",\"dateModified\":\"2021-06-07T09:03:59+00:00\",\"description\":\"Nuestro centro de peluquer\\u00eda de Zarautz est\\u00e1 pensado para el disfrute de tus sentidos. Queremos que cada visita sea un momento de bienestar personal. Pide cita y v\\u00edvelo.\",\"breadcrumb\":{\"@id\":\"https:\/\/www.kideileapaindegia.com\/eu\/erlaxatzeko-momentua\/#breadcrumb\"},\"inLanguage\":\"eu-ES\",\"potentialAction\":[{\"@type\":\"ReadAction\",\"target\":[\"https:\/\/www.kideileapaindegia.com\/eu\/erlaxatzeko-momentua\/\"]}]},{\"@type\":\"BreadcrumbList\",\"@id\":\"https:\/\/www.kideileapaindegia.com\/eu\/erlaxatzeko-momentua\/#breadcrumb\",\"itemListElement\":[{\"@type\":\"ListItem\",\"position\":1,\"item\":{\"@type\":\"WebPage\",\"@id\":\"https:\/\/www.kideileapaindegia.com\/eu\/\",\"url\":\"https:\/\/www.kideileapaindegia.com\/eu\/\",\"name\":\"Portada\"}},{\"@type\":\"ListItem\",\"position\":2,\"item\":{\"@id\":\"https:\/\/www.kideileapaindegia.com\/eu\/erlaxatzeko-momentua\/#webpage\"}}]}]}<\/script>\n<!-- \/ Yoast SEO plugin. -->","_links":{"self":[{"href":"https:\/\/www.kideileapaindegia.com\/eu\/wp-json\/wp\/v2\/pages\/1998","targetHints":{"allow":["GET"]}}],"collection":[{"href":"https:\/\/www.kideileapaindegia.com\/eu\/wp-json\/wp\/v2\/pages"}],"about":[{"href":"https:\/\/www.kideileapaindegia.com\/eu\/wp-json\/wp\/v2\/types\/page"}],"author":[{"embeddable":true,"href":"https:\/\/www.kideileapaindegia.com\/eu\/wp-json\/wp\/v2\/users\/1"}],"replies":[{"embeddable":true,"href":"https:\/\/www.kideileapaindegia.com\/eu\/wp-json\/wp\/v2\/comments?post=1998"}],"version-history":[{"count":12,"href":"https:\/\/www.kideileapaindegia.com\/eu\/wp-json\/wp\/v2\/pages\/1998\/revisions"}],"predecessor-version":[{"id":2143,"href":"https:\/\/www.kideileapaindegia.com\/eu\/wp-json\/wp\/v2\/pages\/1998\/revisions\/2143"}],"wp:featuredmedia":[{"embeddable":true,"href":"https:\/\/www.kideileapaindegia.com\/eu\/wp-json\/wp\/v2\/media\/1906"}],"wp:attachment":[{"href":"https:\/\/www.kideileapaindegia.com\/eu\/wp-json\/wp\/v2\/media?parent=1998"}],"curies":[{"name":"wp","href":"https:\/\/api.w.org\/{rel}","templated":true}]}}