{"id":2170,"date":"2021-06-14T10:49:12","date_gmt":"2021-06-14T10:49:12","guid":{"rendered":"https:\/\/www.kideileapaindegia.com\/proteccion-de-datos\/"},"modified":"2021-06-14T10:49:32","modified_gmt":"2021-06-14T10:49:32","slug":"proteccion-de-datos","status":"publish","type":"page","link":"https:\/\/www.kideileapaindegia.com\/eu\/proteccion-de-datos\/","title":{"rendered":"Protecci\u00f3n de datos"},"content":{"rendered":"\t\t<div data-elementor-type=\"wp-post\" data-elementor-id=\"2170\" class=\"elementor elementor-2170 elementor-2146\" data-elementor-settings=\"[]\">\n\t\t\t\t\t\t\t<div class=\"elementor-section-wrap\">\n\t\t\t\t\t\t\t<section class=\"elementor-section elementor-top-section elementor-element elementor-element-a518a5f elementor-section-boxed elementor-section-height-default elementor-section-height-default\" data-id=\"a518a5f\" data-element_type=\"section\">\n\t\t\t\t\t\t<div class=\"elementor-container elementor-column-gap-default\">\n\t\t\t\t\t<div class=\"elementor-column elementor-col-100 elementor-top-column elementor-element elementor-element-4150aee\" data-id=\"4150aee\" data-element_type=\"column\">\n\t\t\t<div class=\"elementor-widget-wrap elementor-element-populated\">\n\t\t\t\t\t\t\t\t<div class=\"elementor-element elementor-element-39b9815 elementor-widget elementor-widget-heading\" data-id=\"39b9815\" data-element_type=\"widget\" data-widget_type=\"heading.default\">\n\t\t\t\t<div class=\"elementor-widget-container\">\n\t\t\t<h1 class=\"elementor-heading-title elementor-size-default\"><span style=\"  letter-spacing: 2.4px;\">Protecci\u00f3n de datos<\/span><\/h1>\t\t<\/div>\n\t\t\t\t<\/div>\n\t\t\t\t\t<\/div>\n\t\t<\/div>\n\t\t\t\t\t\t\t<\/div>\n\t\t<\/section>\n\t\t\t\t<section class=\"elementor-section elementor-top-section elementor-element elementor-element-d7008b1 elementor-section-boxed elementor-section-height-default elementor-section-height-default\" data-id=\"d7008b1\" data-element_type=\"section\">\n\t\t\t\t\t\t<div class=\"elementor-container elementor-column-gap-default\">\n\t\t\t\t\t<div class=\"elementor-column elementor-col-100 elementor-top-column elementor-element elementor-element-eb30a91\" data-id=\"eb30a91\" data-element_type=\"column\">\n\t\t\t<div class=\"elementor-widget-wrap elementor-element-populated\">\n\t\t\t\t\t\t\t\t<div class=\"elementor-element elementor-element-40e7257 elementor-widget elementor-widget-text-editor\" data-id=\"40e7257\" data-element_type=\"widget\" data-widget_type=\"text-editor.default\">\n\t\t\t\t<div class=\"elementor-widget-container\">\n\t\t\t\t\t<div class=\"elementor-text-editor elementor-clearfix\"><p>Mediante el siguiente aviso, Mariaje Gurrutxaga Iriondo y otra CB y provista de CIF E20717591, cuyo domicilio social radica en C\/Zigordia 44, 46 \u2013 20810 Zarautz \u2013 Gipuzkoa \/Tfno: 943830561 \/ E-mail: kideileapaindegia@gmail.com, informa a los usuarios de su web acerca de su pol\u00edtica de protecci\u00f3n de datos de car\u00e1cter personal.<\/p>\n<p>En cumplimiento de la obligaci\u00f3n de secreto de los datos de car\u00e1cter personal, Mariaje Gurrutxaga Iriondo y otra CB garantiza que ha adoptado las medidas oportunas de seguridad de nivel b\u00e1sico en sus instalaciones, sistemas y ficheros. Asimismo, se compromete a garantizar la seguridad y confidencialidad de estos datos, y a evitar la alteraci\u00f3n, p\u00e9rdida y tratamiento o uso no autorizado de los mismos, con lo que garantiza tambi\u00e9n que estos datos no ser\u00e1n cedidos a terceros. No obstante, Mariaje Gurrutxaga Iriondo y otra CB revelar\u00e1 a las autoridades p\u00fablicas competentes los Datos Personales y cualquier otra informaci\u00f3n que est\u00e9 en su poder o sea accesible a trav\u00e9s de sus sistemas y sea requerida de conformidad con las disposiciones legales y reglamentarias aplicables.<\/p>\n<p>Sirva esto para que los usuarios decidan voluntariamente si desean ceder a Mariaje Gurrutxaga Iriondo y otra CB los datos personales que se les puedan requerir en formularios de la web para acceder a diferentes servicios de la misma. Mediante el env\u00edo de los formularios el remitente da su consentimiento al tratamiento automatizado de los datos incluidos en los mismos e implica una autorizaci\u00f3n expresa en favor de Mariaje Gurrutxaga Iriondo y otra CB para el env\u00edo de informaci\u00f3n comercial a la direcci\u00f3n de correo electr\u00f3nico aportada por parte del usuario. Si el usuario desea revocar dicha autorizaci\u00f3n, podr\u00e1 hacerlo de forma f\u00e1cil y gratuita dirigiendo su petici\u00f3n a kideileapaindegia@gmail.com , tal y como se indica en el apartado <strong>\u201cEjercicio de los derechos en materia de protecci\u00f3n de datos\u201d.<\/strong><\/p>\n<p>Los usuarios de nuestra web son conscientes de todo lo expuesto y lo aceptan voluntariamente.<\/p>\n<p>Las presentes condiciones generales se interpretar\u00e1n conforme a la legislaci\u00f3n vigente en Espa\u00f1a en la materia, que se aplicar\u00e1 subsidiariamente en todo lo que no se haya previsto en las mismas.<\/p>\n<\/p>\n<p><strong>Ejercicio de los derechos en materia de protecci\u00f3n de datos<\/strong><\/p>\n<p>Puede ejercer sus derechos de acceso, rectificaci\u00f3n, cancelaci\u00f3n y oposici\u00f3n dirigi\u00e9ndose por escrito a Mariaje Gurrutxaga Iriondo y otra CB Direcci\u00f3n: C\/Zigordia 44, 46 \u2013 20810 Zarautz \u2013 Gipuzkoa o bien enviando un correo electr\u00f3nico a kideileapaindegia@gmail.com.<\/p>\n<p>La solicitud del usuario debe cumplir el siguiente contenido m\u00ednimo legalmente establecido:<\/p>\n<ul>\n<li>Nombre y apellidos.<\/li>\n<li>Fotocopia del DNI, firma electr\u00f3nica o copia escaneada del DNI.<\/li>\n<li>Petici\u00f3n concreta.<\/li>\n<li>Direcci\u00f3n a efectos de notificaciones.<\/li>\n<li>Fecha y firma del solicitante<\/li>\n<\/ul>\n<\/div>\n\t\t\t\t<\/div>\n\t\t\t\t<\/div>\n\t\t\t\t\t<\/div>\n\t\t<\/div>\n\t\t\t\t\t\t\t<\/div>\n\t\t<\/section>\n\t\t\t\t<section class=\"elementor-section elementor-top-section elementor-element elementor-element-bc10908 elementor-section-boxed elementor-section-height-default elementor-section-height-default\" data-id=\"bc10908\" data-element_type=\"section\" data-settings=\"{&quot;background_background&quot;:&quot;classic&quot;}\">\n\t\t\t\t\t\t<div class=\"elementor-container elementor-column-gap-default\">\n\t\t\t\t\t<div class=\"elementor-column elementor-col-100 elementor-top-column elementor-element elementor-element-62212cb\" data-id=\"62212cb\" data-element_type=\"column\">\n\t\t\t<div class=\"elementor-widget-wrap elementor-element-populated\">\n\t\t\t\t\t\t\t\t<div class=\"elementor-element elementor-element-3b8bd3c elementor-widget elementor-widget-heading\" data-id=\"3b8bd3c\" data-element_type=\"widget\" data-widget_type=\"heading.default\">\n\t\t\t\t<div class=\"elementor-widget-container\">\n\t\t\t<h5 class=\"elementor-heading-title elementor-size-default\">Ondorengo <b>formulario<\/b> honen bitartez ere idatz diezagukezu eta ahalik eta lasterren jarriko gara zurekin harremanetan: <\/h5>\t\t<\/div>\n\t\t\t\t<\/div>\n\t\t\t\t<div class=\"elementor-element elementor-element-27a140f elementor-widget elementor-widget-contact-form-7\" data-id=\"27a140f\" data-element_type=\"widget\" data-widget_type=\"contact-form-7.default\">\n\t\t\t\t<div class=\"elementor-widget-container\">\n\t\t\t<div class=\"elementor-contact-form-7 jet-elements\"><\/div>\t\t<\/div>\n\t\t\t\t<\/div>\n\t\t\t\t\t<\/div>\n\t\t<\/div>\n\t\t\t\t\t\t\t<\/div>\n\t\t<\/section>\n\t\t\t\t\t\t<\/div>\n\t\t\t\t\t<\/div>\n\t\t","protected":false},"excerpt":{"rendered":"<p>Protecci\u00f3n de datos Mediante el siguiente aviso, Mariaje Gurrutxaga Iriondo y otra CB y provista de CIF E20717591, cuyo domicilio social radica en C\/Zigordia 44, 46 \u2013 20810 Zarautz \u2013 Gipuzkoa \/Tfno: 943830561 \/ E-mail: kideileapaindegia@gmail.com, informa a los usuarios de su web acerca de su pol\u00edtica de protecci\u00f3n de datos de car\u00e1cter personal. En [&hellip;]<\/p>\n","protected":false},"author":1,"featured_media":1902,"parent":0,"menu_order":0,"comment_status":"closed","ping_status":"closed","template":"elementor_header_footer","meta":{"footnotes":""},"class_list":["post-2170","page","type-page","status-publish","has-post-thumbnail","hentry"],"yoast_head":"<!-- This site is optimized with the Yoast SEO plugin v16.4 - https:\/\/yoast.com\/wordpress\/plugins\/seo\/ -->\n<title>Protecci\u00f3n de datos | Kide Ileapaindegia<\/title>\n<meta name=\"description\" content=\"Ll\u00e1manos por tel\u00e9fono o escr\u00edbenos y reserva cita para nuestros servicios de peluquer\u00eda o est\u00e9tica. \u00a1Te esperamos en Kide! Mucho m\u00e1s que ir a la peluquer\u00eda.\" \/>\n<meta name=\"robots\" content=\"noindex, follow\" \/>\n<meta property=\"og:locale\" content=\"eu_ES\" \/>\n<meta property=\"og:type\" content=\"article\" \/>\n<meta property=\"og:title\" content=\"Protecci\u00f3n de datos | Kide Ileapaindegia\" \/>\n<meta property=\"og:description\" content=\"Ll\u00e1manos por tel\u00e9fono o escr\u00edbenos y reserva cita para nuestros servicios de peluquer\u00eda o est\u00e9tica. \u00a1Te esperamos en Kide! Mucho m\u00e1s que ir a la peluquer\u00eda.\" \/>\n<meta property=\"og:url\" content=\"https:\/\/www.kideileapaindegia.com\/eu\/proteccion-de-datos\/\" \/>\n<meta property=\"og:site_name\" content=\"Kide Ileapaindegia\" \/>\n<meta property=\"article:modified_time\" content=\"2021-06-14T10:49:32+00:00\" \/>\n<meta property=\"og:image\" content=\"https:\/\/www.kideileapaindegia.com\/wp-content\/uploads\/2021\/03\/Kide_ileapaindegia_equipo_peluqueria_zarautz.jpg\" \/>\n\t<meta property=\"og:image:width\" content=\"1700\" \/>\n\t<meta property=\"og:image:height\" content=\"774\" \/>\n<meta name=\"twitter:card\" content=\"summary_large_image\" \/>\n<meta name=\"twitter:label1\" content=\"Est. reading time\" \/>\n\t<meta name=\"twitter:data1\" content=\"2 minutes\" \/>\n<script type=\"application\/ld+json\" class=\"yoast-schema-graph\">{\"@context\":\"https:\/\/schema.org\",\"@graph\":[{\"@type\":\"WebSite\",\"@id\":\"https:\/\/www.kideileapaindegia.com\/eu\/#website\",\"url\":\"https:\/\/www.kideileapaindegia.com\/eu\/\",\"name\":\"Kide Ileapaindegia\",\"description\":\"Otro sitio realizado con WordPress\",\"potentialAction\":[{\"@type\":\"SearchAction\",\"target\":\"https:\/\/www.kideileapaindegia.com\/eu\/?s={search_term_string}\",\"query-input\":\"required name=search_term_string\"}],\"inLanguage\":\"eu-ES\"},{\"@type\":\"ImageObject\",\"@id\":\"https:\/\/www.kideileapaindegia.com\/eu\/proteccion-de-datos\/#primaryimage\",\"inLanguage\":\"eu-ES\",\"url\":\"https:\/\/www.kideileapaindegia.com\/wp-content\/uploads\/2021\/03\/Kide_ileapaindegia_equipo_peluqueria_zarautz.jpg\",\"contentUrl\":\"https:\/\/www.kideileapaindegia.com\/wp-content\/uploads\/2021\/03\/Kide_ileapaindegia_equipo_peluqueria_zarautz.jpg\",\"width\":1700,\"height\":774,\"caption\":\"Nuestro equipo - Kide Ileapaindegia\"},{\"@type\":\"WebPage\",\"@id\":\"https:\/\/www.kideileapaindegia.com\/eu\/proteccion-de-datos\/#webpage\",\"url\":\"https:\/\/www.kideileapaindegia.com\/eu\/proteccion-de-datos\/\",\"name\":\"Protecci\\u00f3n de datos | Kide Ileapaindegia\",\"isPartOf\":{\"@id\":\"https:\/\/www.kideileapaindegia.com\/eu\/#website\"},\"primaryImageOfPage\":{\"@id\":\"https:\/\/www.kideileapaindegia.com\/eu\/proteccion-de-datos\/#primaryimage\"},\"datePublished\":\"2021-06-14T10:49:12+00:00\",\"dateModified\":\"2021-06-14T10:49:32+00:00\",\"description\":\"Ll\\u00e1manos por tel\\u00e9fono o escr\\u00edbenos y reserva cita para nuestros servicios de peluquer\\u00eda o est\\u00e9tica. \\u00a1Te esperamos en Kide! Mucho m\\u00e1s que ir a la peluquer\\u00eda.\",\"breadcrumb\":{\"@id\":\"https:\/\/www.kideileapaindegia.com\/eu\/proteccion-de-datos\/#breadcrumb\"},\"inLanguage\":\"eu-ES\",\"potentialAction\":[{\"@type\":\"ReadAction\",\"target\":[\"https:\/\/www.kideileapaindegia.com\/eu\/proteccion-de-datos\/\"]}]},{\"@type\":\"BreadcrumbList\",\"@id\":\"https:\/\/www.kideileapaindegia.com\/eu\/proteccion-de-datos\/#breadcrumb\",\"itemListElement\":[{\"@type\":\"ListItem\",\"position\":1,\"item\":{\"@type\":\"WebPage\",\"@id\":\"https:\/\/www.kideileapaindegia.com\/eu\/\",\"url\":\"https:\/\/www.kideileapaindegia.com\/eu\/\",\"name\":\"Portada\"}},{\"@type\":\"ListItem\",\"position\":2,\"item\":{\"@id\":\"https:\/\/www.kideileapaindegia.com\/eu\/proteccion-de-datos\/#webpage\"}}]}]}<\/script>\n<!-- \/ Yoast SEO plugin. -->","_links":{"self":[{"href":"https:\/\/www.kideileapaindegia.com\/eu\/wp-json\/wp\/v2\/pages\/2170","targetHints":{"allow":["GET"]}}],"collection":[{"href":"https:\/\/www.kideileapaindegia.com\/eu\/wp-json\/wp\/v2\/pages"}],"about":[{"href":"https:\/\/www.kideileapaindegia.com\/eu\/wp-json\/wp\/v2\/types\/page"}],"author":[{"embeddable":true,"href":"https:\/\/www.kideileapaindegia.com\/eu\/wp-json\/wp\/v2\/users\/1"}],"replies":[{"embeddable":true,"href":"https:\/\/www.kideileapaindegia.com\/eu\/wp-json\/wp\/v2\/comments?post=2170"}],"version-history":[{"count":5,"href":"https:\/\/www.kideileapaindegia.com\/eu\/wp-json\/wp\/v2\/pages\/2170\/revisions"}],"predecessor-version":[{"id":2175,"href":"https:\/\/www.kideileapaindegia.com\/eu\/wp-json\/wp\/v2\/pages\/2170\/revisions\/2175"}],"wp:featuredmedia":[{"embeddable":true,"href":"https:\/\/www.kideileapaindegia.com\/eu\/wp-json\/wp\/v2\/media\/1902"}],"wp:attachment":[{"href":"https:\/\/www.kideileapaindegia.com\/eu\/wp-json\/wp\/v2\/media?parent=2170"}],"curies":[{"name":"wp","href":"https:\/\/api.w.org\/{rel}","templated":true}]}}